{"id":5280,"date":"2024-09-12T11:46:03","date_gmt":"2024-09-12T09:46:03","guid":{"rendered":"http:\/\/zdendynaska.synology.me\/wordpress\/?page_id=5280"},"modified":"2024-09-12T14:33:16","modified_gmt":"2024-09-12T12:33:16","slug":"hmyzi-hotel","status":"publish","type":"page","link":"http:\/\/zdendynaska.synology.me\/wordpress\/moje-vyroba\/hmyzi-hotel\/","title":{"rendered":"Hmyz\u00ed hotel"},"content":{"rendered":"\t\t<div data-elementor-type=\"wp-page\" data-elementor-id=\"5280\" class=\"elementor elementor-5280\">\n\t\t\t\t\t\t<section class=\"elementor-section elementor-top-section elementor-element elementor-element-7c325744 elementor-section-height-min-height elementor-section-full_width elementor-section-items-stretch elementor-section-height-default\" data-id=\"7c325744\" data-element_type=\"section\" data-e-type=\"section\">\n\t\t\t\t\t\t<div class=\"elementor-container elementor-column-gap-default\">\n\t\t\t\t\t<div class=\"elementor-column elementor-col-100 elementor-top-column elementor-element elementor-element-7880373f\" data-id=\"7880373f\" data-element_type=\"column\" data-e-type=\"column\">\n\t\t\t<div class=\"elementor-widget-wrap elementor-element-populated\">\n\t\t\t\t\t\t<div class=\"elementor-element elementor-element-66fffa51 elementor-invisible elementor-widget elementor-widget-heading\" data-id=\"66fffa51\" data-element_type=\"widget\" data-e-type=\"widget\" data-settings=\"{&quot;_animation&quot;:&quot;fadeInUp&quot;}\" data-widget_type=\"heading.default\">\n\t\t\t\t<div class=\"elementor-widget-container\">\n\t\t\t\t\t<div class=\"elementor-heading-title elementor-size-default\"><span style=\"font-size: 78px;letter-spacing: normal;text-transform: none\">HMYZ\u00cd HOTEL<\/span><\/div>\t\t\t\t<\/div>\n\t\t\t\t<\/div>\n\t\t\t\t<div class=\"elementor-element elementor-element-5b73fe6f e-transform elementor-invisible elementor-widget elementor-widget-image\" data-id=\"5b73fe6f\" data-element_type=\"widget\" data-e-type=\"widget\" data-settings=\"{&quot;_animation&quot;:&quot;fadeInDown&quot;,&quot;_transform_rotateZ_effect&quot;:{&quot;unit&quot;:&quot;px&quot;,&quot;size&quot;:0,&quot;sizes&quot;:[]},&quot;_transform_rotate_3d&quot;:&quot;yes&quot;,&quot;_transform_rotateX_effect&quot;:{&quot;unit&quot;:&quot;px&quot;,&quot;size&quot;:0,&quot;sizes&quot;:[]},&quot;_transform_rotateZ_effect_tablet&quot;:{&quot;unit&quot;:&quot;deg&quot;,&quot;size&quot;:&quot;&quot;,&quot;sizes&quot;:[]},&quot;_transform_rotateZ_effect_mobile&quot;:{&quot;unit&quot;:&quot;deg&quot;,&quot;size&quot;:&quot;&quot;,&quot;sizes&quot;:[]},&quot;_transform_rotateX_effect_tablet&quot;:{&quot;unit&quot;:&quot;deg&quot;,&quot;size&quot;:&quot;&quot;,&quot;sizes&quot;:[]},&quot;_transform_rotateX_effect_mobile&quot;:{&quot;unit&quot;:&quot;deg&quot;,&quot;size&quot;:&quot;&quot;,&quot;sizes&quot;:[]},&quot;_transform_rotateY_effect&quot;:{&quot;unit&quot;:&quot;px&quot;,&quot;size&quot;:&quot;&quot;,&quot;sizes&quot;:[]},&quot;_transform_rotateY_effect_tablet&quot;:{&quot;unit&quot;:&quot;deg&quot;,&quot;size&quot;:&quot;&quot;,&quot;sizes&quot;:[]},&quot;_transform_rotateY_effect_mobile&quot;:{&quot;unit&quot;:&quot;deg&quot;,&quot;size&quot;:&quot;&quot;,&quot;sizes&quot;:[]},&quot;_transform_perspective_effect&quot;:{&quot;unit&quot;:&quot;px&quot;,&quot;size&quot;:&quot;&quot;,&quot;sizes&quot;:[]},&quot;_transform_perspective_effect_tablet&quot;:{&quot;unit&quot;:&quot;px&quot;,&quot;size&quot;:&quot;&quot;,&quot;sizes&quot;:[]},&quot;_transform_perspective_effect_mobile&quot;:{&quot;unit&quot;:&quot;px&quot;,&quot;size&quot;:&quot;&quot;,&quot;sizes&quot;:[]}}\" data-widget_type=\"image.default\">\n\t\t\t\t<div class=\"elementor-widget-container\">\n\t\t\t\t\t\t\t\t\t\t\t\t\t\t\t<img fetchpriority=\"high\" decoding=\"async\" width=\"768\" height=\"1273\" src=\"http:\/\/zdendynaska.synology.me\/wordpress\/wp-content\/uploads\/2024\/09\/IMG_20240829_163201-768x1273.jpg\" class=\"attachment-medium_large size-medium_large wp-image-5283\" alt=\"\" srcset=\"http:\/\/zdendynaska.synology.me\/wordpress\/wp-content\/uploads\/2024\/09\/IMG_20240829_163201-768x1273.jpg 768w, http:\/\/zdendynaska.synology.me\/wordpress\/wp-content\/uploads\/2024\/09\/IMG_20240829_163201-181x300.jpg 181w, http:\/\/zdendynaska.synology.me\/wordpress\/wp-content\/uploads\/2024\/09\/IMG_20240829_163201-618x1024.jpg 618w, http:\/\/zdendynaska.synology.me\/wordpress\/wp-content\/uploads\/2024\/09\/IMG_20240829_163201-926x1536.jpg 926w, http:\/\/zdendynaska.synology.me\/wordpress\/wp-content\/uploads\/2024\/09\/IMG_20240829_163201-1235x2048.jpg 1235w, http:\/\/zdendynaska.synology.me\/wordpress\/wp-content\/uploads\/2024\/09\/IMG_20240829_163201-1140x1890.jpg 1140w, http:\/\/zdendynaska.synology.me\/wordpress\/wp-content\/uploads\/2024\/09\/IMG_20240829_163201-scaled.jpg 1544w\" sizes=\"(max-width: 768px) 100vw, 768px\" \/>\t\t\t\t\t\t\t\t\t\t\t\t\t\t\t<\/div>\n\t\t\t\t<\/div>\n\t\t\t\t\t<\/div>\n\t\t<\/div>\n\t\t\t\t\t<\/div>\n\t\t<\/section>\n\t\t\t\t<section class=\"elementor-section elementor-top-section elementor-element elementor-element-4949d39a elementor-section-boxed elementor-section-height-default elementor-section-height-default\" data-id=\"4949d39a\" data-element_type=\"section\" data-e-type=\"section\">\n\t\t\t\t\t\t<div class=\"elementor-container elementor-column-gap-default\">\n\t\t\t\t\t<div class=\"elementor-column elementor-col-33 elementor-top-column elementor-element elementor-element-5f99ed6e\" data-id=\"5f99ed6e\" data-element_type=\"column\" data-e-type=\"column\">\n\t\t\t<div class=\"elementor-widget-wrap\">\n\t\t\t\t\t\t\t<\/div>\n\t\t<\/div>\n\t\t\t\t<div class=\"elementor-column elementor-col-33 elementor-top-column elementor-element elementor-element-75bd2bfa\" data-id=\"75bd2bfa\" data-element_type=\"column\" data-e-type=\"column\">\n\t\t\t<div class=\"elementor-widget-wrap elementor-element-populated\">\n\t\t\t\t\t\t<div class=\"elementor-element elementor-element-719077c9 elementor-view-default elementor-widget elementor-widget-icon\" data-id=\"719077c9\" data-element_type=\"widget\" data-e-type=\"widget\" data-widget_type=\"icon.default\">\n\t\t\t\t<div class=\"elementor-widget-container\">\n\t\t\t\t\t\t\t<div class=\"elementor-icon-wrapper\">\n\t\t\t<a class=\"elementor-icon\" href=\"http:\/\/zdendynaska.synology.me\/wordpress\/moje-vyroba\/\">\n\t\t\t<i aria-hidden=\"true\" class=\"fas fa-undo\"><\/i>\t\t\t<\/a>\n\t\t<\/div>\n\t\t\t\t\t\t<\/div>\n\t\t\t\t<\/div>\n\t\t\t\t\t<\/div>\n\t\t<\/div>\n\t\t\t\t<div class=\"elementor-column elementor-col-33 elementor-top-column elementor-element elementor-element-15eecacf\" data-id=\"15eecacf\" data-element_type=\"column\" data-e-type=\"column\">\n\t\t\t<div class=\"elementor-widget-wrap\">\n\t\t\t\t\t\t\t<\/div>\n\t\t<\/div>\n\t\t\t\t\t<\/div>\n\t\t<\/section>\n\t\t\t\t<section class=\"elementor-section elementor-top-section elementor-element elementor-element-6df7cad0 elementor-section-height-min-height elementor-section-full_width elementor-section-height-default elementor-section-items-middle\" data-id=\"6df7cad0\" data-element_type=\"section\" data-e-type=\"section\">\n\t\t\t\t\t\t<div class=\"elementor-container elementor-column-gap-default\">\n\t\t\t\t\t<div class=\"elementor-column elementor-col-100 elementor-top-column elementor-element elementor-element-1c9a3fb9\" data-id=\"1c9a3fb9\" data-element_type=\"column\" data-e-type=\"column\">\n\t\t\t<div class=\"elementor-widget-wrap elementor-element-populated\">\n\t\t\t\t\t\t<div class=\"elementor-element elementor-element-211f538b elementor-widget elementor-widget-heading\" data-id=\"211f538b\" data-element_type=\"widget\" data-e-type=\"widget\" data-widget_type=\"heading.default\">\n\t\t\t\t<div class=\"elementor-widget-container\">\n\t\t\t\t\t<h2 class=\"elementor-heading-title elementor-size-default\"><a href=\"http:\/\/zdendynaska.synology.me\/wordpress\/moje-vyroba\/hmyzi_hotel\">ZP\u011aT\/NAHORU<\/a><\/h2>\t\t\t\t<\/div>\n\t\t\t\t<\/div>\n\t\t\t\t<div class=\"elementor-element elementor-element-4ebf37a3 elementor-widget elementor-widget-spacer\" data-id=\"4ebf37a3\" data-element_type=\"widget\" data-e-type=\"widget\" data-widget_type=\"spacer.default\">\n\t\t\t\t<div class=\"elementor-widget-container\">\n\t\t\t\t\t\t\t<div class=\"elementor-spacer\">\n\t\t\t<div class=\"elementor-spacer-inner\"><\/div>\n\t\t<\/div>\n\t\t\t\t\t\t<\/div>\n\t\t\t\t<\/div>\n\t\t\t\t<div class=\"elementor-element elementor-element-15fdec10 elementor-shape-circle elementor-grid-1 e-grid-align-center elementor-widget elementor-widget-social-icons\" data-id=\"15fdec10\" data-element_type=\"widget\" data-e-type=\"widget\" data-widget_type=\"social-icons.default\">\n\t\t\t\t<div class=\"elementor-widget-container\">\n\t\t\t\t\t\t\t<div class=\"elementor-social-icons-wrapper elementor-grid\">\n\t\t\t\t\t\t\t<span class=\"elementor-grid-item\">\n\t\t\t\t\t<a class=\"elementor-icon elementor-social-icon elementor-social-icon-facebook-f elementor-animation-float elementor-repeater-item-c91261a\" href=\"https:\/\/www.facebook.com\/terzdek.kolarovi\" target=\"_blank\">\n\t\t\t\t\t\t<span class=\"elementor-screen-only\">Facebook-f<\/span>\n\t\t\t\t\t\t<i aria-hidden=\"true\" class=\"fab fa-facebook-f\"><\/i>\t\t\t\t\t<\/a>\n\t\t\t\t<\/span>\n\t\t\t\t\t<\/div>\n\t\t\t\t\t\t<\/div>\n\t\t\t\t<\/div>\n\t\t\t\t\t<\/div>\n\t\t<\/div>\n\t\t\t\t\t<\/div>\n\t\t<\/section>\n\t\t\t\t<section class=\"elementor-section elementor-top-section elementor-element elementor-element-cd69b65 elementor-section-boxed elementor-section-height-default elementor-section-height-default\" data-id=\"cd69b65\" data-element_type=\"section\" data-e-type=\"section\">\n\t\t\t\t\t\t<div class=\"elementor-container elementor-column-gap-default\">\n\t\t\t\t\t<div class=\"elementor-column elementor-col-100 elementor-top-column elementor-element elementor-element-c6216bb\" data-id=\"c6216bb\" data-element_type=\"column\" data-e-type=\"column\">\n\t\t\t<div class=\"elementor-widget-wrap elementor-element-populated\">\n\t\t\t\t\t\t<div class=\"elementor-element elementor-element-45d92f25 elementor-widget elementor-widget-wp-widget-pages\" data-id=\"45d92f25\" data-element_type=\"widget\" data-e-type=\"widget\" data-widget_type=\"wp-widget-pages.default\">\n\t\t\t\t<div class=\"elementor-widget-container\">\n\t\t\t\t\t<h5>Str\u00e1nky<\/h5>\n\t\t\t<ul>\n\t\t\t\t<li class=\"page_item page-item-1904 page_item_has_children\"><a href=\"http:\/\/zdendynaska.synology.me\/wordpress\/foto\/\">Foto<\/a>\n<ul class='children'>\n\t<li class=\"page_item page-item-1152\"><a href=\"http:\/\/zdendynaska.synology.me\/wordpress\/foto\/architektura-a-tvary\/\">Architektura a tvary<\/a><\/li>\n\t<li class=\"page_item page-item-1169\"><a href=\"http:\/\/zdendynaska.synology.me\/wordpress\/foto\/dron\/\">Dron<\/a><\/li>\n\t<li class=\"page_item page-item-149\"><a href=\"http:\/\/zdendynaska.synology.me\/wordpress\/foto\/jaro\/\">Jaro<\/a><\/li>\n\t<li class=\"page_item page-item-153\"><a href=\"http:\/\/zdendynaska.synology.me\/wordpress\/foto\/leto\/\">L\u00e9to<\/a><\/li>\n\t<li class=\"page_item page-item-145\"><a href=\"http:\/\/zdendynaska.synology.me\/wordpress\/foto\/podzim\/\">Podzim<\/a><\/li>\n\t<li class=\"page_item page-item-1142\"><a href=\"http:\/\/zdendynaska.synology.me\/wordpress\/foto\/portrety\/\">Portr\u00e9ty<\/a><\/li>\n\t<li class=\"page_item page-item-177\"><a href=\"http:\/\/zdendynaska.synology.me\/wordpress\/foto\/vodopady\/\">Vodop\u00e1dy<\/a><\/li>\n\t<li class=\"page_item page-item-1846\"><a href=\"http:\/\/zdendynaska.synology.me\/wordpress\/foto\/zapad-slunce\/\">Z\u00e1pad slunce<\/a><\/li>\n\t<li class=\"page_item page-item-147\"><a href=\"http:\/\/zdendynaska.synology.me\/wordpress\/foto\/zima\/\">Zima<\/a><\/li>\n\t<li class=\"page_item page-item-1147\"><a href=\"http:\/\/zdendynaska.synology.me\/wordpress\/foto\/zvirata\/\">Zv\u00ed\u0159ata<\/a><\/li>\n<\/ul>\n<\/li>\n<li class=\"page_item page-item-7104\"><a href=\"http:\/\/zdendynaska.synology.me\/wordpress\/french_cleat\/\">French cleat<\/a><\/li>\n<li class=\"page_item page-item-1637\"><a href=\"http:\/\/zdendynaska.synology.me\/wordpress\/\">Hlavn\u00ed strana<\/a><\/li>\n<li class=\"page_item page-item-5934\"><a href=\"http:\/\/zdendynaska.synology.me\/wordpress\/masove-tycinky\/\">Masov\u00e9 ty\u010dinky<\/a><\/li>\n<li class=\"page_item page-item-264 page_item_has_children\"><a href=\"http:\/\/zdendynaska.synology.me\/wordpress\/moje-vyroba\/\">Moje v\u00fdroba<\/a>\n<ul class='children'>\n\t<li class=\"page_item page-item-3288\"><a href=\"http:\/\/zdendynaska.synology.me\/wordpress\/moje-vyroba\/vyroba-balkonoveho-nabytku\/\">Balkonov\u00fd n\u00e1bytek<\/a><\/li>\n\t<li class=\"page_item page-item-1388\"><a href=\"http:\/\/zdendynaska.synology.me\/wordpress\/moje-vyroba\/detska-kuchynka\/\">D\u011btsk\u00e1 kuchy\u0148ka<\/a><\/li>\n\t<li class=\"page_item page-item-5280\"><a href=\"http:\/\/zdendynaska.synology.me\/wordpress\/moje-vyroba\/hmyzi-hotel\/\">Hmyz\u00ed hotel<\/a><\/li>\n\t<li class=\"page_item page-item-5096\"><a href=\"http:\/\/zdendynaska.synology.me\/wordpress\/moje-vyroba\/stavba_letni_pergoly\/\">Pergola<\/a><\/li>\n\t<li class=\"page_item page-item-5840\"><a href=\"http:\/\/zdendynaska.synology.me\/wordpress\/moje-vyroba\/stavba-dilny\/\">Stavba d\u00edlny<\/a><\/li>\n\t<li class=\"page_item page-item-1369\"><a href=\"http:\/\/zdendynaska.synology.me\/wordpress\/moje-vyroba\/stavba-houpacky\/\">Stavba houpa\u010dky<\/a><\/li>\n\t<li class=\"page_item page-item-1412\"><a href=\"http:\/\/zdendynaska.synology.me\/wordpress\/moje-vyroba\/stavba-udirny\/\">Stavba ud\u00edrny<\/a><\/li>\n\t<li class=\"page_item page-item-813\"><a href=\"http:\/\/zdendynaska.synology.me\/wordpress\/moje-vyroba\/vyroba-biltongboxu\/\">V\u00fdroba BiltongBOXU<\/a><\/li>\n\t<li class=\"page_item page-item-1260\"><a href=\"http:\/\/zdendynaska.synology.me\/wordpress\/moje-vyroba\/vyroba-teraria\/\">V\u00fdroba ter\u00e1ria<\/a><\/li>\n\t<li class=\"page_item page-item-1358\"><a href=\"http:\/\/zdendynaska.synology.me\/wordpress\/moje-vyroba\/detsky-domecek\/\">D\u011btsk\u00fd dome\u010dek<\/a><\/li>\n\t<li class=\"page_item page-item-1350\"><a href=\"http:\/\/zdendynaska.synology.me\/wordpress\/moje-vyroba\/klouzacka\/\">Klouza\u010dka<\/a><\/li>\n\t<li class=\"page_item page-item-1403\"><a href=\"http:\/\/zdendynaska.synology.me\/wordpress\/moje-vyroba\/osvetleni-akvaria\/\">Osv\u011btlen\u00ed akv\u00e1ria<\/a><\/li>\n<\/ul>\n<\/li>\n<li class=\"page_item page-item-1607\"><a href=\"http:\/\/zdendynaska.synology.me\/wordpress\/navody\/\">N\u00e1vody<\/a><\/li>\n<li class=\"page_item page-item-260 page_item_has_children\"><a href=\"http:\/\/zdendynaska.synology.me\/wordpress\/susene-masicko\/\">Su\u0161en\u00e9 mas\u00ed\u010dko<\/a>\n<ul class='children'>\n\t<li class=\"page_item page-item-695\"><a href=\"http:\/\/zdendynaska.synology.me\/wordpress\/susene-masicko\/biltong\/\">Biltong<\/a><\/li>\n\t<li class=\"page_item page-item-740\"><a href=\"http:\/\/zdendynaska.synology.me\/wordpress\/susene-masicko\/jerky\/\">Jerky<\/a><\/li>\n<\/ul>\n<\/li>\n<li class=\"page_item page-item-515\"><a href=\"http:\/\/zdendynaska.synology.me\/wordpress\/tipy-triky\/\">Tipy, triky<\/a><\/li>\n<li class=\"page_item page-item-236 page_item_has_children\"><a href=\"http:\/\/zdendynaska.synology.me\/wordpress\/uzene-maso\/\">Uzen\u00ed<\/a>\n<ul class='children'>\n\t<li class=\"page_item page-item-1456 page_item_has_children\"><a href=\"http:\/\/zdendynaska.synology.me\/wordpress\/uzene-maso\/uzene-maso-2\/\">V\u00fdroba uzen\u00e9ho s\u00fdru<\/a>\n\t<ul class='children'>\n\t\t<li class=\"page_item page-item-1452\"><a href=\"http:\/\/zdendynaska.synology.me\/wordpress\/uzene-maso\/uzene-maso-2\/uzeny-bucek\/\">Uzen\u00fd B\u016f\u010dek<\/a><\/li>\n\t\t<li class=\"page_item page-item-1437\"><a href=\"http:\/\/zdendynaska.synology.me\/wordpress\/uzene-maso\/uzene-maso-2\/vyroba-uzeneho-syru\/\">V\u00fdroba uzen\u00e9ho s\u00fdru<\/a><\/li>\n\t<\/ul>\n<\/li>\n<\/ul>\n<\/li>\n<li class=\"page_item page-item-254\"><a href=\"http:\/\/zdendynaska.synology.me\/wordpress\/vareni\/\">Va\u0159en\u00ed<\/a><\/li>\n<li class=\"page_item page-item-5\"><a href=\"http:\/\/zdendynaska.synology.me\/wordpress\/create-your-website-with-blocks\/\">Zden\u011bk Kol\u00e1\u0159 &#8211; fotograf, nad\u0161enec<\/a><\/li>\n\t\t\t<\/ul>\n\n\t\t\t\t\t\t\t<\/div>\n\t\t\t\t<\/div>\n\t\t\t\t\t<\/div>\n\t\t<\/div>\n\t\t\t\t\t<\/div>\n\t\t<\/section>\n\t\t\t\t<\/div>\n\t\t","protected":false},"excerpt":{"rendered":"<p>HMYZ\u00cd HOTEL ZP\u011aT\/NAHORU Facebook-f<\/p>\n","protected":false},"author":1,"featured_media":0,"parent":264,"menu_order":0,"comment_status":"open","ping_status":"closed","template":"","meta":{"om_disable_all_campaigns":false,"_monsterinsights_skip_tracking":false,"_monsterinsights_sitenote_active":false,"_monsterinsights_sitenote_note":"","_monsterinsights_sitenote_category":0,"footnotes":""},"class_list":["post-5280","page","type-page","status-publish","hentry"],"aioseo_notices":[],"_links":{"self":[{"href":"http:\/\/zdendynaska.synology.me\/wordpress\/wp-json\/wp\/v2\/pages\/5280","targetHints":{"allow":["GET"]}}],"collection":[{"href":"http:\/\/zdendynaska.synology.me\/wordpress\/wp-json\/wp\/v2\/pages"}],"about":[{"href":"http:\/\/zdendynaska.synology.me\/wordpress\/wp-json\/wp\/v2\/types\/page"}],"author":[{"embeddable":true,"href":"http:\/\/zdendynaska.synology.me\/wordpress\/wp-json\/wp\/v2\/users\/1"}],"replies":[{"embeddable":true,"href":"http:\/\/zdendynaska.synology.me\/wordpress\/wp-json\/wp\/v2\/comments?post=5280"}],"version-history":[{"count":10,"href":"http:\/\/zdendynaska.synology.me\/wordpress\/wp-json\/wp\/v2\/pages\/5280\/revisions"}],"predecessor-version":[{"id":5329,"href":"http:\/\/zdendynaska.synology.me\/wordpress\/wp-json\/wp\/v2\/pages\/5280\/revisions\/5329"}],"up":[{"embeddable":true,"href":"http:\/\/zdendynaska.synology.me\/wordpress\/wp-json\/wp\/v2\/pages\/264"}],"wp:attachment":[{"href":"http:\/\/zdendynaska.synology.me\/wordpress\/wp-json\/wp\/v2\/media?parent=5280"}],"curies":[{"name":"wp","href":"https:\/\/api.w.org\/{rel}","templated":true}]}}