{"id":5,"date":"2023-01-21T10:41:14","date_gmt":"2023-01-21T09:41:14","guid":{"rendered":"http:\/\/zdendynaska.synology.me\/wordpress\/?page_id=5"},"modified":"2023-01-21T12:40:46","modified_gmt":"2023-01-21T11:40:46","slug":"create-your-website-with-blocks","status":"publish","type":"page","link":"http:\/\/zdendynaska.synology.me\/wordpress\/create-your-website-with-blocks\/","title":{"rendered":"Zden\u011bk Kol\u00e1\u0159 &#8211; fotograf, nad\u0161enec"},"content":{"rendered":"\n<h2 class=\"alignwide has-text-align-wide has-gigantic-font-size wp-block-heading\" style=\"line-height:1.1\">Create your website with blocks<\/h2>\n\n\n\n<div style=\"height:100px\" aria-hidden=\"true\" class=\"wp-block-spacer\"><\/div>\n\n\n\n<div class=\"wp-block-columns alignwide are-vertically-aligned-center is-style-twentytwentyone-columns-overlap is-layout-flex wp-container-core-columns-is-layout-28f84493 wp-block-columns-is-layout-flex\">\n<div class=\"wp-block-column is-vertically-aligned-center is-layout-flow wp-block-column-is-layout-flow\">\n<div style=\"height:100px\" aria-hidden=\"true\" class=\"wp-block-spacer\"><\/div>\n<\/div>\n\n\n\n<div class=\"wp-block-column is-layout-flow wp-block-column-is-layout-flow\">\n<figure class=\"wp-block-image size-large\"><img fetchpriority=\"high\" decoding=\"async\" width=\"576\" height=\"1024\" src=\"http:\/\/zdendynaska.synology.me\/wordpress\/wp-content\/uploads\/2023\/01\/IMG20221106180428-576x1024.jpg\" alt=\"\" class=\"wp-image-105\" srcset=\"http:\/\/zdendynaska.synology.me\/wordpress\/wp-content\/uploads\/2023\/01\/IMG20221106180428-576x1024.jpg 576w, http:\/\/zdendynaska.synology.me\/wordpress\/wp-content\/uploads\/2023\/01\/IMG20221106180428-169x300.jpg 169w, http:\/\/zdendynaska.synology.me\/wordpress\/wp-content\/uploads\/2023\/01\/IMG20221106180428-768x1365.jpg 768w, http:\/\/zdendynaska.synology.me\/wordpress\/wp-content\/uploads\/2023\/01\/IMG20221106180428-864x1536.jpg 864w, http:\/\/zdendynaska.synology.me\/wordpress\/wp-content\/uploads\/2023\/01\/IMG20221106180428-1152x2048.jpg 1152w, http:\/\/zdendynaska.synology.me\/wordpress\/wp-content\/uploads\/2023\/01\/IMG20221106180428-scaled.jpg 1440w\" sizes=\"(max-width: 576px) 100vw, 576px\" \/><\/figure>\n<\/div>\n\n\n\n<div class=\"wp-block-column is-vertically-aligned-center is-layout-flow wp-block-column-is-layout-flow\">\n<div style=\"height:100px\" aria-hidden=\"true\" class=\"wp-block-spacer\"><\/div>\n<\/div>\n<\/div>\n\n\n\n<div style=\"height:50px\" aria-hidden=\"true\" class=\"wp-block-spacer\"><\/div>\n\n\n\n<div class=\"wp-block-columns alignwide are-vertically-aligned-top is-layout-flex wp-container-core-columns-is-layout-28f84493 wp-block-columns-is-layout-flex\">\n<div class=\"wp-block-column is-vertically-aligned-top is-layout-flow wp-block-column-is-layout-flow\">\n<h3 class=\"wp-block-heading\">Add block patterns<\/h3>\n\n\n\n<p>Block patterns are pre-designed groups of blocks. To add one, select the Add Block button [+] in the toolbar at the top of the editor. Switch to the Patterns tab underneath the search bar, and choose a pattern.<\/p>\n<\/div>\n\n\n\n<div class=\"wp-block-column is-vertically-aligned-top is-layout-flow wp-block-column-is-layout-flow\">\n<h3 class=\"wp-block-heading\">Frame your images<\/h3>\n\n\n\n<p>Twenty Twenty-One includes stylish borders for your content. With an Image block selected, open the &#8222;Styles&#8220; panel within the Editor sidebar. Select the &#8222;Frame&#8220; block style to activate it.<\/p>\n<\/div>\n\n\n\n<div class=\"wp-block-column is-vertically-aligned-top is-layout-flow wp-block-column-is-layout-flow\">\n<h3 class=\"wp-block-heading\">Overlap columns<\/h3>\n\n\n\n<p>Twenty Twenty-One also includes an overlap style for column blocks. With a Columns block selected, open the &#8222;Styles&#8220; panel within the Editor sidebar. Choose the &#8222;Overlap&#8220; block style to try it out.<\/p>\n<\/div>\n<\/div>\n\n\n\n<div style=\"height:100px\" aria-hidden=\"true\" class=\"wp-block-spacer\"><\/div>\n\n\n\n<div class=\"wp-block-cover alignwide has-green-background-color has-background-dim is-style-twentytwentyone-border\"><div class=\"wp-block-cover__inner-container is-layout-flow wp-block-cover-is-layout-flow\">\n<div style=\"height:20px\" aria-hidden=\"true\" class=\"wp-block-spacer\"><\/div>\n\n\n\n<p class=\"has-huge-font-size\">Need help?<\/p>\n\n\n\n<div class=\"wp-block-columns is-layout-flex wp-container-core-columns-is-layout-28f84493 wp-block-columns-is-layout-flex\">\n<div class=\"wp-block-column is-layout-flow wp-block-column-is-layout-flow\">\n<p><a href=\"https:\/\/wordpress.org\/support\/article\/twenty-twenty-one\/\">Read the Theme Documentation<\/a><\/p>\n<\/div>\n\n\n\n<div class=\"wp-block-column is-layout-flow wp-block-column-is-layout-flow\">\n<p><a href=\"https:\/\/wordpress.org\/support\/theme\/twentytwentyone\/\">Check out the Support Forums<\/a><\/p>\n<\/div>\n<\/div>\n\n\n\n<div style=\"height:75px\" aria-hidden=\"true\" class=\"wp-block-spacer\"><\/div>\n\n\n\n<div style=\"height:20px\" aria-hidden=\"true\" class=\"wp-block-spacer\"><\/div>\n\n\n\n<p><\/p>\n<\/div><\/div>\n\n\n\n<p><a href=\"https:\/\/api.mapy.cz\/loader.js\">https:\/\/api.mapy.cz\/loader.js<\/a><\/p>\n\n\n\n<!DOCTYPE html>\n<html>\n<head>\n    <meta charset=\"utf-8\" \/>\n    <script type=\"text\/javascript\" src=\"https:\/\/api.mapy.cz\/loader.js\"><\/script>\n    <script type=\"text\/javascript\">Loader.load();<\/script>\n<\/head>\n\n<body>\n    <div id=\"m\" style=\"height:380px\"><\/div>\n<\/body>\n<\/html>\n\n\n\n\n\n\n\n\n\n\n\n\n\n\n\n\n\n\n\n\n\n\n\n\n\n\n\n\n\n\n\n\n\n\n\n\n\n\n\n\n","protected":false},"excerpt":{"rendered":"<p>Create your website with blocks Add block patterns Block patterns are pre-designed groups of blocks. To add one, select the Add Block button [+] in the toolbar at the top of the editor. Switch to the Patterns tab underneath the search bar, and choose a pattern. Frame your images Twenty Twenty-One includes stylish borders for your content. With an Image block selected, open the &#8222;Styles&#8220; panel within the Editor sidebar. Select the &#8222;Frame&#8220; block style to activate it. Overlap columns Twenty Twenty-One also includes an overlap style for column blocks. With a Columns block selected, open the &#8222;Styles&#8220; panel within the Editor sidebar. Choose the &#8222;Overlap&#8220; block style to try it out. https:\/\/api.mapy.cz\/loader.js<\/p>\n","protected":false},"author":1,"featured_media":0,"parent":0,"menu_order":0,"comment_status":"closed","ping_status":"closed","template":"","meta":{"om_disable_all_campaigns":false,"_monsterinsights_skip_tracking":false,"_monsterinsights_sitenote_active":false,"_monsterinsights_sitenote_note":"","_monsterinsights_sitenote_category":0,"footnotes":""},"class_list":["post-5","page","type-page","status-publish","hentry"],"aioseo_notices":[],"_links":{"self":[{"href":"http:\/\/zdendynaska.synology.me\/wordpress\/wp-json\/wp\/v2\/pages\/5","targetHints":{"allow":["GET"]}}],"collection":[{"href":"http:\/\/zdendynaska.synology.me\/wordpress\/wp-json\/wp\/v2\/pages"}],"about":[{"href":"http:\/\/zdendynaska.synology.me\/wordpress\/wp-json\/wp\/v2\/types\/page"}],"author":[{"embeddable":true,"href":"http:\/\/zdendynaska.synology.me\/wordpress\/wp-json\/wp\/v2\/users\/1"}],"replies":[{"embeddable":true,"href":"http:\/\/zdendynaska.synology.me\/wordpress\/wp-json\/wp\/v2\/comments?post=5"}],"version-history":[{"count":5,"href":"http:\/\/zdendynaska.synology.me\/wordpress\/wp-json\/wp\/v2\/pages\/5\/revisions"}],"predecessor-version":[{"id":111,"href":"http:\/\/zdendynaska.synology.me\/wordpress\/wp-json\/wp\/v2\/pages\/5\/revisions\/111"}],"wp:attachment":[{"href":"http:\/\/zdendynaska.synology.me\/wordpress\/wp-json\/wp\/v2\/media?parent=5"}],"curies":[{"name":"wp","href":"https:\/\/api.w.org\/{rel}","templated":true}]}}