{"id":1904,"date":"2023-02-03T01:48:56","date_gmt":"2023-02-03T00:48:56","guid":{"rendered":"http:\/\/zdendynaska.synology.me\/wordpress\/?page_id=1904"},"modified":"2023-12-21T13:31:10","modified_gmt":"2023-12-21T12:31:10","slug":"foto","status":"publish","type":"page","link":"http:\/\/zdendynaska.synology.me\/wordpress\/foto\/","title":{"rendered":"Foto"},"content":{"rendered":"\t\t<div data-elementor-type=\"wp-page\" data-elementor-id=\"1904\" class=\"elementor elementor-1904\">\n\t\t\t\t\t\t<section class=\"elementor-section elementor-top-section elementor-element elementor-element-6c8c1f4f elementor-section-height-min-height elementor-section-full_width elementor-section-items-stretch elementor-section-height-default\" data-id=\"6c8c1f4f\" data-element_type=\"section\" data-e-type=\"section\">\n\t\t\t\t\t\t<div class=\"elementor-container elementor-column-gap-default\">\n\t\t\t\t\t<div class=\"elementor-column elementor-col-50 elementor-top-column elementor-element elementor-element-4e518e2\" data-id=\"4e518e2\" data-element_type=\"column\" data-e-type=\"column\">\n\t\t\t<div class=\"elementor-widget-wrap elementor-element-populated\">\n\t\t\t\t\t\t<div class=\"elementor-element elementor-element-1c21d24f elementor-position-left elementor-vertical-align-middle elementor-invisible elementor-widget elementor-widget-image-box\" data-id=\"1c21d24f\" data-element_type=\"widget\" data-e-type=\"widget\" data-settings=\"{&quot;_animation&quot;:&quot;fadeInRight&quot;}\" data-widget_type=\"image-box.default\">\n\t\t\t\t<div class=\"elementor-widget-container\">\n\t\t\t\t\t<div class=\"elementor-image-box-wrapper\"><figure class=\"elementor-image-box-img\"><a href=\"http:\/\/zdendynaska.synology.me\/wordpress\/?page_id=177\" tabindex=\"-1\"><img decoding=\"async\" src=\"http:\/\/zdendynaska.synology.me\/wordpress\/wp-content\/uploads\/elementor\/thumbs\/DSC_8847-scaled-q1uk7a2jiis3ha5e52dymwbxwrvrucwipeanwonwsk.jpg\" title=\"na tisk \/je\u009at\u00ec nevytisknut\u00e9\" alt=\"na tisk \/je\u009at\u00ec nevytisknut\u00e9\" class=\"elementor-animation-pulse-grow\" loading=\"lazy\" \/><\/a><\/figure><div class=\"elementor-image-box-content\"><h3 class=\"elementor-image-box-title\"><a href=\"http:\/\/zdendynaska.synology.me\/wordpress\/?page_id=177\">VODOP\u00c1DY<\/a><\/h3><p class=\"elementor-image-box-description\">\u0158eky, \u0159\u00ed\u010dky, vodopady a t\u016f\u0148ky.<\/p><\/div><\/div>\t\t\t\t<\/div>\n\t\t\t\t<\/div>\n\t\t\t\t\t<\/div>\n\t\t<\/div>\n\t\t\t\t<div class=\"elementor-column elementor-col-50 elementor-top-column elementor-element elementor-element-3c7e108d\" data-id=\"3c7e108d\" data-element_type=\"column\" data-e-type=\"column\">\n\t\t\t<div class=\"elementor-widget-wrap elementor-element-populated\">\n\t\t\t\t\t\t<div class=\"elementor-element elementor-element-11e77e8 elementor-position-left elementor-vertical-align-middle elementor-invisible elementor-widget elementor-widget-image-box\" data-id=\"11e77e8\" data-element_type=\"widget\" data-e-type=\"widget\" data-settings=\"{&quot;_animation&quot;:&quot;fadeInRight&quot;}\" data-widget_type=\"image-box.default\">\n\t\t\t\t<div class=\"elementor-widget-container\">\n\t\t\t\t\t<div class=\"elementor-image-box-wrapper\"><figure class=\"elementor-image-box-img\"><a href=\"http:\/\/zdendynaska.synology.me\/wordpress\/?page_id=1147\" tabindex=\"-1\"><img decoding=\"async\" src=\"http:\/\/zdendynaska.synology.me\/wordpress\/wp-content\/uploads\/elementor\/thumbs\/DSC_9489upravene-scaled-q1un0fhayp8wun81hsenydfn7hbq5sgny1lp2mor7o.jpg\" title=\"DSC_9489upraven\u00e9\" alt=\"DSC_9489upraven\u00e9\" class=\"elementor-animation-pulse-grow\" loading=\"lazy\" \/><\/a><\/figure><div class=\"elementor-image-box-content\"><h3 class=\"elementor-image-box-title\"><a href=\"http:\/\/zdendynaska.synology.me\/wordpress\/?page_id=1147\">ZV\u00cd\u0158ATA<\/a><\/h3><p class=\"elementor-image-box-description\">Div\u00e1 zv\u011br, to je o\u010d tu b\u011b\u017e\u00ed.<\/p><\/div><\/div>\t\t\t\t<\/div>\n\t\t\t\t<\/div>\n\t\t\t\t\t<\/div>\n\t\t<\/div>\n\t\t\t\t\t<\/div>\n\t\t<\/section>\n\t\t\t\t<section class=\"elementor-section elementor-top-section elementor-element elementor-element-6593af25 elementor-section-height-min-height elementor-section-full_width elementor-section-items-stretch elementor-section-height-default\" data-id=\"6593af25\" data-element_type=\"section\" data-e-type=\"section\">\n\t\t\t\t\t\t<div class=\"elementor-container elementor-column-gap-default\">\n\t\t\t\t\t<div class=\"elementor-column elementor-col-50 elementor-top-column elementor-element elementor-element-e200f13\" data-id=\"e200f13\" data-element_type=\"column\" data-e-type=\"column\">\n\t\t\t<div class=\"elementor-widget-wrap elementor-element-populated\">\n\t\t\t\t\t\t<div class=\"elementor-element elementor-element-70d336da elementor-position-left elementor-vertical-align-middle elementor-invisible elementor-widget elementor-widget-image-box\" data-id=\"70d336da\" data-element_type=\"widget\" data-e-type=\"widget\" data-settings=\"{&quot;_animation&quot;:&quot;fadeInRight&quot;}\" data-widget_type=\"image-box.default\">\n\t\t\t\t<div class=\"elementor-widget-container\">\n\t\t\t\t\t<div class=\"elementor-image-box-wrapper\"><figure class=\"elementor-image-box-img\"><a href=\"http:\/\/zdendynaska.synology.me\/wordpress\/?page_id=1152\" tabindex=\"-1\"><img decoding=\"async\" src=\"http:\/\/zdendynaska.synology.me\/wordpress\/wp-content\/uploads\/elementor\/thumbs\/DSC_4399-1-scaled-q1ukxc5gz6g9c4arzbvmrblyrbg38acmydd8uu10as.jpg\" title=\"DSC_4399\" alt=\"DSC_4399\" class=\"elementor-animation-pulse-grow\" loading=\"lazy\" \/><\/a><\/figure><div class=\"elementor-image-box-content\"><h3 class=\"elementor-image-box-title\"><a href=\"http:\/\/zdendynaska.synology.me\/wordpress\/?page_id=1152\">ARCHITEKTURA<\/a><\/h3><p class=\"elementor-image-box-description\">Domy, budovy a taky kostel\u00edky.<\/p><\/div><\/div>\t\t\t\t<\/div>\n\t\t\t\t<\/div>\n\t\t\t\t\t<\/div>\n\t\t<\/div>\n\t\t\t\t<div class=\"elementor-column elementor-col-50 elementor-top-column elementor-element elementor-element-2e8ee036\" data-id=\"2e8ee036\" data-element_type=\"column\" data-e-type=\"column\">\n\t\t\t<div class=\"elementor-widget-wrap elementor-element-populated\">\n\t\t\t\t\t\t<div class=\"elementor-element elementor-element-1e5c5f73 elementor-position-left elementor-vertical-align-middle elementor-invisible elementor-widget elementor-widget-image-box\" data-id=\"1e5c5f73\" data-element_type=\"widget\" data-e-type=\"widget\" data-settings=\"{&quot;_animation&quot;:&quot;fadeInRight&quot;}\" data-widget_type=\"image-box.default\">\n\t\t\t\t<div class=\"elementor-widget-container\">\n\t\t\t\t\t<div class=\"elementor-image-box-wrapper\"><figure class=\"elementor-image-box-img\"><a href=\"http:\/\/zdendynaska.synology.me\/wordpress\/?page_id=1142\" tabindex=\"-1\"><img decoding=\"async\" src=\"http:\/\/zdendynaska.synology.me\/wordpress\/wp-content\/uploads\/elementor\/thumbs\/DSC_3900-1-scaled-q1unkuj3f5751pkc9m4x47y3qsord3irf3red0ew1w.jpg\" title=\"DSC_3900 (1)\" alt=\"DSC_3900 (1)\" class=\"elementor-animation-pulse-grow\" loading=\"lazy\" \/><\/a><\/figure><div class=\"elementor-image-box-content\"><h3 class=\"elementor-image-box-title\"><a href=\"http:\/\/zdendynaska.synology.me\/wordpress\/?page_id=1142\">PORTR\u00c9TY<\/a><\/h3><p class=\"elementor-image-box-description\">J\u00e1 , ty, on, ona .. to jsme my a na\u0161e fotografie.<\/p><\/div><\/div>\t\t\t\t<\/div>\n\t\t\t\t<\/div>\n\t\t\t\t\t<\/div>\n\t\t<\/div>\n\t\t\t\t\t<\/div>\n\t\t<\/section>\n\t\t\t\t<section class=\"elementor-section elementor-top-section elementor-element elementor-element-60a9ac96 elementor-section-height-min-height elementor-section-full_width elementor-section-items-stretch elementor-section-height-default\" data-id=\"60a9ac96\" data-element_type=\"section\" data-e-type=\"section\">\n\t\t\t\t\t\t<div class=\"elementor-container elementor-column-gap-default\">\n\t\t\t\t\t<div class=\"elementor-column elementor-col-50 elementor-top-column elementor-element elementor-element-6565c26f\" data-id=\"6565c26f\" data-element_type=\"column\" data-e-type=\"column\">\n\t\t\t<div class=\"elementor-widget-wrap elementor-element-populated\">\n\t\t\t\t\t\t<div class=\"elementor-element elementor-element-3d16163e elementor-position-left elementor-vertical-align-middle elementor-invisible elementor-widget elementor-widget-image-box\" data-id=\"3d16163e\" data-element_type=\"widget\" data-e-type=\"widget\" data-settings=\"{&quot;_animation&quot;:&quot;fadeInRight&quot;}\" data-widget_type=\"image-box.default\">\n\t\t\t\t<div class=\"elementor-widget-container\">\n\t\t\t\t\t<div class=\"elementor-image-box-wrapper\"><figure class=\"elementor-image-box-img\"><a href=\"http:\/\/zdendynaska.synology.me\/wordpress\/?page_id=149\" tabindex=\"-1\"><img decoding=\"async\" src=\"http:\/\/zdendynaska.synology.me\/wordpress\/wp-content\/uploads\/elementor\/thumbs\/DSC_7211-scaled-q1ulvp52t5hlqydzc6knwngkie34lyrecfw8ez2wuc.jpg\" title=\"DSC_7211\" alt=\"DSC_7211\" class=\"elementor-animation-pulse-grow\" loading=\"lazy\" \/><\/a><\/figure><div class=\"elementor-image-box-content\"><h3 class=\"elementor-image-box-title\"><a href=\"http:\/\/zdendynaska.synology.me\/wordpress\/?page_id=149\">JARO<\/a><\/h3><p class=\"elementor-image-box-description\">Kyti\u010dky, kv\u011bty, barvy ... to je JARO.<\/p><\/div><\/div>\t\t\t\t<\/div>\n\t\t\t\t<\/div>\n\t\t\t\t\t<\/div>\n\t\t<\/div>\n\t\t\t\t<div class=\"elementor-column elementor-col-50 elementor-top-column elementor-element elementor-element-46c31bb8\" data-id=\"46c31bb8\" data-element_type=\"column\" data-e-type=\"column\">\n\t\t\t<div class=\"elementor-widget-wrap elementor-element-populated\">\n\t\t\t\t\t\t<div class=\"elementor-element elementor-element-46b8e698 elementor-position-left elementor-vertical-align-middle elementor-invisible elementor-widget elementor-widget-image-box\" data-id=\"46b8e698\" data-element_type=\"widget\" data-e-type=\"widget\" data-settings=\"{&quot;_animation&quot;:&quot;fadeInRight&quot;}\" data-widget_type=\"image-box.default\">\n\t\t\t\t<div class=\"elementor-widget-container\">\n\t\t\t\t\t<div class=\"elementor-image-box-wrapper\"><figure class=\"elementor-image-box-img\"><a href=\"http:\/\/zdendynaska.synology.me\/wordpress\/?page_id=153\" tabindex=\"-1\"><img decoding=\"async\" src=\"http:\/\/zdendynaska.synology.me\/wordpress\/wp-content\/uploads\/elementor\/thumbs\/GOPR0746-scaled-q1umazyi22fmqg5vzso1hsgom6o7wli3s66rn4e7k4.jpg\" title=\"DCIM100GOPROGOPR0746.JPG\" alt=\"DCIM100GOPROGOPR0746.JPG\" class=\"elementor-animation-pulse-grow\" loading=\"lazy\" \/><\/a><\/figure><div class=\"elementor-image-box-content\"><h3 class=\"elementor-image-box-title\"><a href=\"http:\/\/zdendynaska.synology.me\/wordpress\/?page_id=153\">L\u00c9TO<\/a><\/h3><p class=\"elementor-image-box-description\">Je l\u00e9to a j\u00e1 v\u0161echno v p\u00e9\u010di m\u00e1m.<\/p><\/div><\/div>\t\t\t\t<\/div>\n\t\t\t\t<\/div>\n\t\t\t\t\t<\/div>\n\t\t<\/div>\n\t\t\t\t\t<\/div>\n\t\t<\/section>\n\t\t\t\t<section class=\"elementor-section elementor-top-section elementor-element elementor-element-60197cf5 elementor-section-height-min-height elementor-section-full_width elementor-section-items-stretch elementor-section-height-default\" data-id=\"60197cf5\" data-element_type=\"section\" data-e-type=\"section\">\n\t\t\t\t\t\t<div class=\"elementor-container elementor-column-gap-default\">\n\t\t\t\t\t<div class=\"elementor-column elementor-col-50 elementor-top-column elementor-element elementor-element-37d3da5b\" data-id=\"37d3da5b\" data-element_type=\"column\" data-e-type=\"column\">\n\t\t\t<div class=\"elementor-widget-wrap elementor-element-populated\">\n\t\t\t\t\t\t<div class=\"elementor-element elementor-element-71c39abf elementor-position-left elementor-vertical-align-middle elementor-invisible elementor-widget elementor-widget-image-box\" data-id=\"71c39abf\" data-element_type=\"widget\" data-e-type=\"widget\" data-settings=\"{&quot;_animation&quot;:&quot;fadeInRight&quot;}\" data-widget_type=\"image-box.default\">\n\t\t\t\t<div class=\"elementor-widget-container\">\n\t\t\t\t\t<div class=\"elementor-image-box-wrapper\"><figure class=\"elementor-image-box-img\"><a href=\"http:\/\/zdendynaska.synology.me\/wordpress\/?page_id=145\" tabindex=\"-1\"><img fetchpriority=\"high\" decoding=\"async\" width=\"300\" height=\"169\" src=\"http:\/\/zdendynaska.synology.me\/wordpress\/wp-content\/uploads\/2023\/01\/DSC_8456-300x169.jpg\" class=\"elementor-animation-pulse-grow attachment-medium size-medium wp-image-957\" alt=\"\" srcset=\"http:\/\/zdendynaska.synology.me\/wordpress\/wp-content\/uploads\/2023\/01\/DSC_8456-300x169.jpg 300w, http:\/\/zdendynaska.synology.me\/wordpress\/wp-content\/uploads\/2023\/01\/DSC_8456-1024x576.jpg 1024w, http:\/\/zdendynaska.synology.me\/wordpress\/wp-content\/uploads\/2023\/01\/DSC_8456-768x432.jpg 768w, http:\/\/zdendynaska.synology.me\/wordpress\/wp-content\/uploads\/2023\/01\/DSC_8456-1536x864.jpg 1536w, http:\/\/zdendynaska.synology.me\/wordpress\/wp-content\/uploads\/2023\/01\/DSC_8456-2048x1152.jpg 2048w, http:\/\/zdendynaska.synology.me\/wordpress\/wp-content\/uploads\/2023\/01\/DSC_8456-scaled.jpg 1920w\" sizes=\"(max-width: 300px) 100vw, 300px\" \/><\/a><\/figure><div class=\"elementor-image-box-content\"><h2 class=\"elementor-image-box-title\"><a href=\"http:\/\/zdendynaska.synology.me\/wordpress\/?page_id=145\">PODZIM<\/a><\/h2><p class=\"elementor-image-box-description\">Podzim nen\u00ed jen d\u00e9\u0161t, chladno a vlhko.<\/p><\/div><\/div>\t\t\t\t<\/div>\n\t\t\t\t<\/div>\n\t\t\t\t\t<\/div>\n\t\t<\/div>\n\t\t\t\t<div class=\"elementor-column elementor-col-50 elementor-top-column elementor-element elementor-element-26bf13dd\" data-id=\"26bf13dd\" data-element_type=\"column\" data-e-type=\"column\">\n\t\t\t<div class=\"elementor-widget-wrap elementor-element-populated\">\n\t\t\t\t\t\t<div class=\"elementor-element elementor-element-1b297dac elementor-position-left elementor-vertical-align-middle elementor-invisible elementor-widget elementor-widget-image-box\" data-id=\"1b297dac\" data-element_type=\"widget\" data-e-type=\"widget\" data-settings=\"{&quot;_animation&quot;:&quot;fadeInRight&quot;}\" data-widget_type=\"image-box.default\">\n\t\t\t\t<div class=\"elementor-widget-container\">\n\t\t\t\t\t<div class=\"elementor-image-box-wrapper\"><figure class=\"elementor-image-box-img\"><a href=\"http:\/\/zdendynaska.synology.me\/wordpress\/?page_id=147\" tabindex=\"-1\"><img decoding=\"async\" width=\"300\" height=\"169\" src=\"http:\/\/zdendynaska.synology.me\/wordpress\/wp-content\/uploads\/2023\/01\/IMG20220409140853-300x169.jpg\" class=\"elementor-animation-pulse-grow attachment-medium size-medium wp-image-657\" alt=\"\" srcset=\"http:\/\/zdendynaska.synology.me\/wordpress\/wp-content\/uploads\/2023\/01\/IMG20220409140853-300x169.jpg 300w, http:\/\/zdendynaska.synology.me\/wordpress\/wp-content\/uploads\/2023\/01\/IMG20220409140853-1024x576.jpg 1024w, http:\/\/zdendynaska.synology.me\/wordpress\/wp-content\/uploads\/2023\/01\/IMG20220409140853-768x432.jpg 768w, http:\/\/zdendynaska.synology.me\/wordpress\/wp-content\/uploads\/2023\/01\/IMG20220409140853-1536x864.jpg 1536w, http:\/\/zdendynaska.synology.me\/wordpress\/wp-content\/uploads\/2023\/01\/IMG20220409140853-2048x1152.jpg 2048w, http:\/\/zdendynaska.synology.me\/wordpress\/wp-content\/uploads\/2023\/01\/IMG20220409140853-scaled.jpg 1920w\" sizes=\"(max-width: 300px) 100vw, 300px\" \/><\/a><\/figure><div class=\"elementor-image-box-content\"><h3 class=\"elementor-image-box-title\"><a href=\"http:\/\/zdendynaska.synology.me\/wordpress\/?page_id=147\">ZIMA<\/a><\/h3><p class=\"elementor-image-box-description\">Tohle nebude zima ve velkom\u011bst\u011b.<\/p><\/div><\/div>\t\t\t\t<\/div>\n\t\t\t\t<\/div>\n\t\t\t\t\t<\/div>\n\t\t<\/div>\n\t\t\t\t\t<\/div>\n\t\t<\/section>\n\t\t\t\t<section class=\"elementor-section elementor-top-section elementor-element elementor-element-15136c03 elementor-section-height-min-height elementor-section-full_width elementor-section-items-stretch elementor-section-height-default\" data-id=\"15136c03\" data-element_type=\"section\" data-e-type=\"section\">\n\t\t\t\t\t\t<div class=\"elementor-container elementor-column-gap-default\">\n\t\t\t\t\t<div class=\"elementor-column elementor-col-50 elementor-top-column elementor-element elementor-element-6272f938\" data-id=\"6272f938\" data-element_type=\"column\" data-e-type=\"column\">\n\t\t\t<div class=\"elementor-widget-wrap elementor-element-populated\">\n\t\t\t\t\t\t<div class=\"elementor-element elementor-element-9021913 elementor-position-left elementor-vertical-align-middle elementor-invisible elementor-widget elementor-widget-image-box\" data-id=\"9021913\" data-element_type=\"widget\" data-e-type=\"widget\" data-settings=\"{&quot;_animation&quot;:&quot;fadeInRight&quot;}\" data-widget_type=\"image-box.default\">\n\t\t\t\t<div class=\"elementor-widget-container\">\n\t\t\t\t\t<div class=\"elementor-image-box-wrapper\"><figure class=\"elementor-image-box-img\"><a href=\"http:\/\/zdendynaska.synology.me\/wordpress\/?page_id=1169\" tabindex=\"-1\"><img decoding=\"async\" src=\"http:\/\/zdendynaska.synology.me\/wordpress\/wp-content\/uploads\/elementor\/thumbs\/DJI_0531-scaled-q1ulfrrj07op0tiucaq8no5e5cl86lj4tly1o6p29w.jpg\" title=\"DCIM\/100MEDIA\/DJI_0531.JPG\" alt=\"DCIM\/100MEDIA\/DJI_0531.JPG\" class=\"elementor-animation-pulse-grow\" loading=\"lazy\" \/><\/a><\/figure><div class=\"elementor-image-box-content\"><h2 class=\"elementor-image-box-title\"><a href=\"http:\/\/zdendynaska.synology.me\/wordpress\/?page_id=1169\">DRON<\/a><\/h2><p class=\"elementor-image-box-description\">Pohled z \u00fapln\u011b jin\u00e9 perspektivy.<\/p><\/div><\/div>\t\t\t\t<\/div>\n\t\t\t\t<\/div>\n\t\t\t\t\t<\/div>\n\t\t<\/div>\n\t\t\t\t<div class=\"elementor-column elementor-col-50 elementor-top-column elementor-element elementor-element-16705ccf\" data-id=\"16705ccf\" data-element_type=\"column\" data-e-type=\"column\">\n\t\t\t<div class=\"elementor-widget-wrap elementor-element-populated\">\n\t\t\t\t\t\t<div class=\"elementor-element elementor-element-3cec938d elementor-position-left elementor-vertical-align-middle elementor-invisible elementor-widget elementor-widget-image-box\" data-id=\"3cec938d\" data-element_type=\"widget\" data-e-type=\"widget\" data-settings=\"{&quot;_animation&quot;:&quot;fadeInRight&quot;}\" data-widget_type=\"image-box.default\">\n\t\t\t\t<div class=\"elementor-widget-container\">\n\t\t\t\t\t<div class=\"elementor-image-box-wrapper\"><figure class=\"elementor-image-box-img\"><a href=\"http:\/\/zdendynaska.synology.me\/wordpress\/?page_id=1846\" tabindex=\"-1\"><img decoding=\"async\" width=\"300\" height=\"178\" src=\"http:\/\/zdendynaska.synology.me\/wordpress\/wp-content\/uploads\/2023\/01\/DSC_0180-300x178.jpg\" class=\"elementor-animation-pulse-grow attachment-medium size-medium wp-image-1105\" alt=\"\" srcset=\"http:\/\/zdendynaska.synology.me\/wordpress\/wp-content\/uploads\/2023\/01\/DSC_0180-300x178.jpg 300w, http:\/\/zdendynaska.synology.me\/wordpress\/wp-content\/uploads\/2023\/01\/DSC_0180-1024x608.jpg 1024w, http:\/\/zdendynaska.synology.me\/wordpress\/wp-content\/uploads\/2023\/01\/DSC_0180-768x456.jpg 768w, http:\/\/zdendynaska.synology.me\/wordpress\/wp-content\/uploads\/2023\/01\/DSC_0180-1536x912.jpg 1536w, http:\/\/zdendynaska.synology.me\/wordpress\/wp-content\/uploads\/2023\/01\/DSC_0180-2048x1217.jpg 2048w, http:\/\/zdendynaska.synology.me\/wordpress\/wp-content\/uploads\/2023\/01\/DSC_0180-scaled.jpg 1920w\" sizes=\"(max-width: 300px) 100vw, 300px\" \/><\/a><\/figure><div class=\"elementor-image-box-content\"><h2 class=\"elementor-image-box-title\"><a href=\"http:\/\/zdendynaska.synology.me\/wordpress\/?page_id=1846\">Z\u00c1PADY SLUNCE<\/a><\/h2><p class=\"elementor-image-box-description\">Ikonick\u00e9 z\u00e1pady slun\u00ed\u010dka.<\/p><\/div><\/div>\t\t\t\t<\/div>\n\t\t\t\t<\/div>\n\t\t\t\t\t<\/div>\n\t\t<\/div>\n\t\t\t\t\t<\/div>\n\t\t<\/section>\n\t\t\t\t<section class=\"elementor-section elementor-top-section elementor-element elementor-element-21f89024 elementor-section-boxed elementor-section-height-default elementor-section-height-default\" data-id=\"21f89024\" data-element_type=\"section\" data-e-type=\"section\">\n\t\t\t\t\t\t<div class=\"elementor-container elementor-column-gap-default\">\n\t\t\t\t\t<div class=\"elementor-column elementor-col-33 elementor-top-column elementor-element elementor-element-374a8c76\" data-id=\"374a8c76\" data-element_type=\"column\" data-e-type=\"column\">\n\t\t\t<div class=\"elementor-widget-wrap\">\n\t\t\t\t\t\t\t<\/div>\n\t\t<\/div>\n\t\t\t\t<div class=\"elementor-column elementor-col-33 elementor-top-column elementor-element elementor-element-7b94cb85\" data-id=\"7b94cb85\" data-element_type=\"column\" data-e-type=\"column\">\n\t\t\t<div class=\"elementor-widget-wrap elementor-element-populated\">\n\t\t\t\t\t\t<div class=\"elementor-element elementor-element-6ac8696f elementor-view-default elementor-widget elementor-widget-icon\" data-id=\"6ac8696f\" data-element_type=\"widget\" data-e-type=\"widget\" data-widget_type=\"icon.default\">\n\t\t\t\t<div class=\"elementor-widget-container\">\n\t\t\t\t\t\t\t<div class=\"elementor-icon-wrapper\">\n\t\t\t<a class=\"elementor-icon\" href=\"http:\/\/zdendynaska.synology.me\/wordpress\/?page_id=1904\">\n\t\t\t<i aria-hidden=\"true\" class=\"fas fa-undo\"><\/i>\t\t\t<\/a>\n\t\t<\/div>\n\t\t\t\t\t\t<\/div>\n\t\t\t\t<\/div>\n\t\t\t\t\t<\/div>\n\t\t<\/div>\n\t\t\t\t<div class=\"elementor-column elementor-col-33 elementor-top-column elementor-element elementor-element-7d72de95\" data-id=\"7d72de95\" data-element_type=\"column\" data-e-type=\"column\">\n\t\t\t<div class=\"elementor-widget-wrap\">\n\t\t\t\t\t\t\t<\/div>\n\t\t<\/div>\n\t\t\t\t\t<\/div>\n\t\t<\/section>\n\t\t\t\t<section class=\"elementor-section elementor-top-section elementor-element elementor-element-19af166d elementor-section-height-min-height elementor-section-full_width elementor-section-height-default elementor-section-items-middle\" data-id=\"19af166d\" data-element_type=\"section\" data-e-type=\"section\">\n\t\t\t\t\t\t<div class=\"elementor-container elementor-column-gap-default\">\n\t\t\t\t\t<div class=\"elementor-column elementor-col-100 elementor-top-column elementor-element elementor-element-4546d97c\" data-id=\"4546d97c\" data-element_type=\"column\" data-e-type=\"column\">\n\t\t\t<div class=\"elementor-widget-wrap elementor-element-populated\">\n\t\t\t\t\t\t<div class=\"elementor-element elementor-element-78ea8095 elementor-widget elementor-widget-heading\" data-id=\"78ea8095\" data-element_type=\"widget\" data-e-type=\"widget\" data-widget_type=\"heading.default\">\n\t\t\t\t<div class=\"elementor-widget-container\">\n\t\t\t\t\t<h2 class=\"elementor-heading-title elementor-size-default\"><a href=\"http:\/\/zdendynaska.synology.me\/wordpress\/?page_id=1904\">ZP\u011aT\/NAHORU<\/a><\/h2>\t\t\t\t<\/div>\n\t\t\t\t<\/div>\n\t\t\t\t\t<\/div>\n\t\t<\/div>\n\t\t\t\t\t<\/div>\n\t\t<\/section>\n\t\t\t\t<\/div>\n\t\t","protected":false},"excerpt":{"rendered":"<p>VODOP\u00c1DY \u0158eky, \u0159\u00ed\u010dky, vodopady a t\u016f\u0148ky. ZV\u00cd\u0158ATA Div\u00e1 zv\u011br, to je o\u010d tu b\u011b\u017e\u00ed. ARCHITEKTURA Domy, budovy a taky kostel\u00edky. PORTR\u00c9TY J\u00e1 , ty, on, ona .. to jsme my a na\u0161e fotografie. JARO Kyti\u010dky, kv\u011bty, barvy &#8230; to je JARO. L\u00c9TO Je l\u00e9to a j\u00e1 v\u0161echno v p\u00e9\u010di m\u00e1m. PODZIM Podzim nen\u00ed jen d\u00e9\u0161t, chladno a vlhko. ZIMA Tohle nebude zima ve velkom\u011bst\u011b. DRON Pohled z \u00fapln\u011b jin\u00e9 perspektivy. Z\u00c1PADY SLUNCE Ikonick\u00e9 z\u00e1pady slun\u00ed\u010dka. ZP\u011aT\/NAHORU<\/p>\n","protected":false},"author":1,"featured_media":0,"parent":0,"menu_order":0,"comment_status":"closed","ping_status":"closed","template":"","meta":{"om_disable_all_campaigns":false,"_monsterinsights_skip_tracking":false,"_monsterinsights_sitenote_active":false,"_monsterinsights_sitenote_note":"","_monsterinsights_sitenote_category":0,"footnotes":""},"class_list":["post-1904","page","type-page","status-publish","hentry"],"aioseo_notices":[],"_links":{"self":[{"href":"http:\/\/zdendynaska.synology.me\/wordpress\/wp-json\/wp\/v2\/pages\/1904","targetHints":{"allow":["GET"]}}],"collection":[{"href":"http:\/\/zdendynaska.synology.me\/wordpress\/wp-json\/wp\/v2\/pages"}],"about":[{"href":"http:\/\/zdendynaska.synology.me\/wordpress\/wp-json\/wp\/v2\/types\/page"}],"author":[{"embeddable":true,"href":"http:\/\/zdendynaska.synology.me\/wordpress\/wp-json\/wp\/v2\/users\/1"}],"replies":[{"embeddable":true,"href":"http:\/\/zdendynaska.synology.me\/wordpress\/wp-json\/wp\/v2\/comments?post=1904"}],"version-history":[{"count":20,"href":"http:\/\/zdendynaska.synology.me\/wordpress\/wp-json\/wp\/v2\/pages\/1904\/revisions"}],"predecessor-version":[{"id":7264,"href":"http:\/\/zdendynaska.synology.me\/wordpress\/wp-json\/wp\/v2\/pages\/1904\/revisions\/7264"}],"wp:attachment":[{"href":"http:\/\/zdendynaska.synology.me\/wordpress\/wp-json\/wp\/v2\/media?parent=1904"}],"curies":[{"name":"wp","href":"https:\/\/api.w.org\/{rel}","templated":true}]}}