{"id":1607,"date":"2023-02-02T19:37:35","date_gmt":"2023-02-02T18:37:35","guid":{"rendered":"http:\/\/zdendynaska.synology.me\/wordpress\/?page_id=1607"},"modified":"2023-02-02T20:53:59","modified_gmt":"2023-02-02T19:53:59","slug":"navody","status":"publish","type":"page","link":"http:\/\/zdendynaska.synology.me\/wordpress\/navody\/","title":{"rendered":"N\u00e1vody"},"content":{"rendered":"\t\t<div data-elementor-type=\"wp-page\" data-elementor-id=\"1607\" class=\"elementor elementor-1607\">\n\t\t\t\t\t\t<section class=\"elementor-section elementor-top-section elementor-element elementor-element-7199a840 elementor-section-height-min-height elementor-section-full_width elementor-section-items-stretch elementor-section-height-default\" data-id=\"7199a840\" data-element_type=\"section\" data-e-type=\"section\">\n\t\t\t\t\t\t<div class=\"elementor-container elementor-column-gap-default\">\n\t\t\t\t\t<div class=\"elementor-column elementor-col-100 elementor-top-column elementor-element elementor-element-55e3b950\" data-id=\"55e3b950\" data-element_type=\"column\" data-e-type=\"column\">\n\t\t\t<div class=\"elementor-widget-wrap elementor-element-populated\">\n\t\t\t\t\t\t<div class=\"elementor-element elementor-element-9b66f69 elementor-invisible elementor-widget elementor-widget-heading\" data-id=\"9b66f69\" data-element_type=\"widget\" data-e-type=\"widget\" data-settings=\"{&quot;_animation&quot;:&quot;fadeInUp&quot;}\" data-widget_type=\"heading.default\">\n\t\t\t\t<div class=\"elementor-widget-container\">\n\t\t\t\t\t<div class=\"elementor-heading-title elementor-size-default\">N\u00c1VODY<\/div>\t\t\t\t<\/div>\n\t\t\t\t<\/div>\n\t\t\t\t<div class=\"elementor-element elementor-element-43e5434c e-transform elementor-hidden-desktop elementor-invisible elementor-widget elementor-widget-heading\" data-id=\"43e5434c\" data-element_type=\"widget\" data-e-type=\"widget\" data-settings=\"{&quot;_animation&quot;:&quot;wobble&quot;,&quot;_animation_delay&quot;:100,&quot;_transform_translateX_effect_mobile&quot;:{&quot;unit&quot;:&quot;px&quot;,&quot;size&quot;:0,&quot;sizes&quot;:[]},&quot;_transform_translateX_effect&quot;:{&quot;unit&quot;:&quot;px&quot;,&quot;size&quot;:&quot;&quot;,&quot;sizes&quot;:[]},&quot;_transform_translateX_effect_tablet&quot;:{&quot;unit&quot;:&quot;px&quot;,&quot;size&quot;:&quot;&quot;,&quot;sizes&quot;:[]},&quot;_transform_translateY_effect&quot;:{&quot;unit&quot;:&quot;px&quot;,&quot;size&quot;:&quot;&quot;,&quot;sizes&quot;:[]},&quot;_transform_translateY_effect_tablet&quot;:{&quot;unit&quot;:&quot;px&quot;,&quot;size&quot;:&quot;&quot;,&quot;sizes&quot;:[]},&quot;_transform_translateY_effect_mobile&quot;:{&quot;unit&quot;:&quot;px&quot;,&quot;size&quot;:&quot;&quot;,&quot;sizes&quot;:[]}}\" data-widget_type=\"heading.default\">\n\t\t\t\t<div class=\"elementor-widget-container\">\n\t\t\t\t\t<h1 class=\"elementor-heading-title elementor-size-small\">PRO ZOBRAZEN\u00cd STA\u010c\u00cd JEN KLIKNOUT NA PO\u017dADOVAN\u00dd OBR\u00c1ZEK<\/h1>\t\t\t\t<\/div>\n\t\t\t\t<\/div>\n\t\t\t\t<div class=\"elementor-element elementor-element-40de2fed elementor-position-left e-transform e-transform elementor-vertical-align-top elementor-invisible elementor-widget elementor-widget-image-box\" data-id=\"40de2fed\" data-element_type=\"widget\" data-e-type=\"widget\" data-settings=\"{&quot;_animation&quot;:&quot;fadeInRight&quot;,&quot;_transform_translateX_effect_mobile&quot;:{&quot;unit&quot;:&quot;px&quot;,&quot;size&quot;:0,&quot;sizes&quot;:[]},&quot;_transform_skewX_effect_mobile&quot;:{&quot;unit&quot;:&quot;deg&quot;,&quot;size&quot;:0,&quot;sizes&quot;:[]},&quot;_transform_translateX_effect&quot;:{&quot;unit&quot;:&quot;px&quot;,&quot;size&quot;:&quot;&quot;,&quot;sizes&quot;:[]},&quot;_transform_translateX_effect_tablet&quot;:{&quot;unit&quot;:&quot;px&quot;,&quot;size&quot;:&quot;&quot;,&quot;sizes&quot;:[]},&quot;_transform_translateY_effect&quot;:{&quot;unit&quot;:&quot;px&quot;,&quot;size&quot;:&quot;&quot;,&quot;sizes&quot;:[]},&quot;_transform_translateY_effect_tablet&quot;:{&quot;unit&quot;:&quot;px&quot;,&quot;size&quot;:&quot;&quot;,&quot;sizes&quot;:[]},&quot;_transform_translateY_effect_mobile&quot;:{&quot;unit&quot;:&quot;px&quot;,&quot;size&quot;:&quot;&quot;,&quot;sizes&quot;:[]},&quot;_transform_skewX_effect&quot;:{&quot;unit&quot;:&quot;px&quot;,&quot;size&quot;:&quot;&quot;,&quot;sizes&quot;:[]},&quot;_transform_skewX_effect_tablet&quot;:{&quot;unit&quot;:&quot;deg&quot;,&quot;size&quot;:&quot;&quot;,&quot;sizes&quot;:[]},&quot;_transform_skewY_effect&quot;:{&quot;unit&quot;:&quot;px&quot;,&quot;size&quot;:&quot;&quot;,&quot;sizes&quot;:[]},&quot;_transform_skewY_effect_tablet&quot;:{&quot;unit&quot;:&quot;deg&quot;,&quot;size&quot;:&quot;&quot;,&quot;sizes&quot;:[]},&quot;_transform_skewY_effect_mobile&quot;:{&quot;unit&quot;:&quot;deg&quot;,&quot;size&quot;:&quot;&quot;,&quot;sizes&quot;:[]}}\" data-widget_type=\"image-box.default\">\n\t\t\t\t<div class=\"elementor-widget-container\">\n\t\t\t\t\t<div class=\"elementor-image-box-wrapper\"><figure class=\"elementor-image-box-img\"><a href=\"http:\/\/zdendynaska.synology.me\/wordpress\/?p=4(otev\u0159e%20se%20na%20nov\u00e9%20z\u00e1lo\u017ece)\" tabindex=\"-1\"><img fetchpriority=\"high\" decoding=\"async\" width=\"300\" height=\"300\" src=\"http:\/\/zdendynaska.synology.me\/wordpress\/wp-content\/uploads\/2023\/02\/unnamed-300x300.png\" class=\"elementor-animation-pulse-grow attachment-medium size-medium wp-image-1612\" alt=\"\" srcset=\"http:\/\/zdendynaska.synology.me\/wordpress\/wp-content\/uploads\/2023\/02\/unnamed-300x300.png 300w, http:\/\/zdendynaska.synology.me\/wordpress\/wp-content\/uploads\/2023\/02\/unnamed-150x150.png 150w, http:\/\/zdendynaska.synology.me\/wordpress\/wp-content\/uploads\/2023\/02\/unnamed.png 512w\" sizes=\"(max-width: 300px) 100vw, 300px\" \/><\/a><\/figure><div class=\"elementor-image-box-content\"><h3 class=\"elementor-image-box-title\"><a href=\"http:\/\/zdendynaska.synology.me\/wordpress\/?p=4(otev\u0159e%20se%20na%20nov\u00e9%20z\u00e1lo\u017ece)\">STA\u017dEN\u00cd V\u0160ECH AKTIVIT Z GARMIN CONNECT<\/a><\/h3><p class=\"elementor-image-box-description\">N\u00e1vod na sta\u017een\u00ed v\u0161ech aktivit najednou z garmin connect.<\/p><\/div><\/div>\t\t\t\t<\/div>\n\t\t\t\t<\/div>\n\t\t\t\t\t<\/div>\n\t\t<\/div>\n\t\t\t\t\t<\/div>\n\t\t<\/section>\n\t\t\t\t<section class=\"elementor-section elementor-top-section elementor-element elementor-element-271d887d elementor-section-height-min-height elementor-section-full_width elementor-section-height-default elementor-section-items-middle\" data-id=\"271d887d\" data-element_type=\"section\" data-e-type=\"section\">\n\t\t\t\t\t\t<div class=\"elementor-container elementor-column-gap-default\">\n\t\t\t\t\t<div class=\"elementor-column elementor-col-100 elementor-top-column elementor-element elementor-element-151ff03a\" data-id=\"151ff03a\" data-element_type=\"column\" data-e-type=\"column\">\n\t\t\t<div class=\"elementor-widget-wrap elementor-element-populated\">\n\t\t\t\t\t\t<div class=\"elementor-element elementor-element-75402df1 elementor-widget elementor-widget-heading\" data-id=\"75402df1\" data-element_type=\"widget\" data-e-type=\"widget\" data-widget_type=\"heading.default\">\n\t\t\t\t<div class=\"elementor-widget-container\">\n\t\t\t\t\t<h2 class=\"elementor-heading-title elementor-size-default\"><a href=\"http:\/\/zdendynaska.synology.me\/wordpress\/\">ZP\u011aT\/NAHORU<\/a><\/h2>\t\t\t\t<\/div>\n\t\t\t\t<\/div>\n\t\t\t\t<div class=\"elementor-element elementor-element-614350a0 elementor-shape-circle elementor-grid-1 e-grid-align-center elementor-widget elementor-widget-social-icons\" data-id=\"614350a0\" data-element_type=\"widget\" data-e-type=\"widget\" data-widget_type=\"social-icons.default\">\n\t\t\t\t<div class=\"elementor-widget-container\">\n\t\t\t\t\t\t\t<div class=\"elementor-social-icons-wrapper elementor-grid\">\n\t\t\t\t\t\t\t<span class=\"elementor-grid-item\">\n\t\t\t\t\t<a class=\"elementor-icon elementor-social-icon elementor-social-icon-facebook-f elementor-animation-float elementor-repeater-item-c91261a\" href=\"https:\/\/www.facebook.com\/terzdek.kolarovi\" target=\"_blank\">\n\t\t\t\t\t\t<span class=\"elementor-screen-only\">Facebook-f<\/span>\n\t\t\t\t\t\t<i aria-hidden=\"true\" class=\"fab fa-facebook-f\"><\/i>\t\t\t\t\t<\/a>\n\t\t\t\t<\/span>\n\t\t\t\t\t<\/div>\n\t\t\t\t\t\t<\/div>\n\t\t\t\t<\/div>\n\t\t\t\t<div class=\"elementor-element elementor-element-1b18324c elementor-widget elementor-widget-spacer\" data-id=\"1b18324c\" data-element_type=\"widget\" data-e-type=\"widget\" data-widget_type=\"spacer.default\">\n\t\t\t\t<div class=\"elementor-widget-container\">\n\t\t\t\t\t\t\t<div class=\"elementor-spacer\">\n\t\t\t<div class=\"elementor-spacer-inner\"><\/div>\n\t\t<\/div>\n\t\t\t\t\t\t<\/div>\n\t\t\t\t<\/div>\n\t\t\t\t\t<\/div>\n\t\t<\/div>\n\t\t\t\t\t<\/div>\n\t\t<\/section>\n\t\t\t\t<section class=\"elementor-section elementor-top-section elementor-element elementor-element-741ac73 elementor-section-boxed elementor-section-height-default elementor-section-height-default\" data-id=\"741ac73\" data-element_type=\"section\" data-e-type=\"section\">\n\t\t\t\t\t\t<div class=\"elementor-container elementor-column-gap-default\">\n\t\t\t\t\t<div class=\"elementor-column elementor-col-33 elementor-top-column elementor-element elementor-element-bc8a657\" data-id=\"bc8a657\" data-element_type=\"column\" data-e-type=\"column\">\n\t\t\t<div class=\"elementor-widget-wrap\">\n\t\t\t\t\t\t\t<\/div>\n\t\t<\/div>\n\t\t\t\t<div class=\"elementor-column elementor-col-33 elementor-top-column elementor-element elementor-element-12368706\" data-id=\"12368706\" data-element_type=\"column\" data-e-type=\"column\">\n\t\t\t<div class=\"elementor-widget-wrap elementor-element-populated\">\n\t\t\t\t\t\t<div class=\"elementor-element elementor-element-ce7b3f5 elementor-widget elementor-widget-wp-widget-nav_menu\" data-id=\"ce7b3f5\" data-element_type=\"widget\" data-e-type=\"widget\" data-widget_type=\"wp-widget-nav_menu.default\">\n\t\t\t\t<div class=\"elementor-widget-container\">\n\t\t\t\t\t<div class=\"menu-menicko-container\"><ul id=\"menu-menicko\" class=\"menu\"><li id=\"menu-item-6738\" class=\"menu-item menu-item-type-post_type menu-item-object-page menu-item-home menu-item-6738\"><a href=\"http:\/\/zdendynaska.synology.me\/wordpress\/\">Hlavn\u00ed strana<\/a><\/li>\n<li id=\"menu-item-1941\" class=\"menu-item menu-item-type-post_type menu-item-object-page menu-item-has-children menu-item-1941\"><a href=\"http:\/\/zdendynaska.synology.me\/wordpress\/foto\/\">Foto<\/a>\n<ul class=\"sub-menu\">\n\t<li id=\"menu-item-228\" class=\"menu-item menu-item-type-post_type menu-item-object-page menu-item-228\"><a href=\"http:\/\/zdendynaska.synology.me\/wordpress\/foto\/vodopady\/\">Vodop\u00e1dy<\/a><\/li>\n\t<li id=\"menu-item-1158\" class=\"menu-item menu-item-type-post_type menu-item-object-page menu-item-1158\"><a href=\"http:\/\/zdendynaska.synology.me\/wordpress\/foto\/zvirata\/\">Zv\u00ed\u0159ata<\/a><\/li>\n\t<li id=\"menu-item-155\" class=\"menu-item menu-item-type-post_type menu-item-object-page menu-item-155\"><a href=\"http:\/\/zdendynaska.synology.me\/wordpress\/foto\/jaro\/\">Jaro<\/a><\/li>\n\t<li id=\"menu-item-156\" class=\"menu-item menu-item-type-post_type menu-item-object-page menu-item-156\"><a href=\"http:\/\/zdendynaska.synology.me\/wordpress\/foto\/leto\/\">L\u00e9to<\/a><\/li>\n\t<li id=\"menu-item-157\" class=\"menu-item menu-item-type-post_type menu-item-object-page menu-item-157\"><a href=\"http:\/\/zdendynaska.synology.me\/wordpress\/foto\/podzim\/\">Podzim<\/a><\/li>\n\t<li id=\"menu-item-158\" class=\"menu-item menu-item-type-post_type menu-item-object-page menu-item-158\"><a href=\"http:\/\/zdendynaska.synology.me\/wordpress\/foto\/zima\/\">Zima<\/a><\/li>\n\t<li id=\"menu-item-1157\" class=\"menu-item menu-item-type-post_type menu-item-object-page menu-item-1157\"><a href=\"http:\/\/zdendynaska.synology.me\/wordpress\/foto\/architektura-a-tvary\/\">Arch a tvary<\/a><\/li>\n\t<li id=\"menu-item-1159\" class=\"menu-item menu-item-type-post_type menu-item-object-page menu-item-1159\"><a href=\"http:\/\/zdendynaska.synology.me\/wordpress\/foto\/portrety\/\">Portr\u00e9ty<\/a><\/li>\n\t<li id=\"menu-item-1180\" class=\"menu-item menu-item-type-post_type menu-item-object-page menu-item-1180\"><a href=\"http:\/\/zdendynaska.synology.me\/wordpress\/foto\/dron\/\">Dron<\/a><\/li>\n\t<li id=\"menu-item-1896\" class=\"menu-item menu-item-type-post_type menu-item-object-page menu-item-1896\"><a href=\"http:\/\/zdendynaska.synology.me\/wordpress\/foto\/zapad-slunce\/\">Z\u00e1pad slunce<\/a><\/li>\n<\/ul>\n<\/li>\n<li id=\"menu-item-5866\" class=\"menu-item menu-item-type-post_type menu-item-object-page menu-item-has-children menu-item-5866\"><a href=\"http:\/\/zdendynaska.synology.me\/wordpress\/moje-vyroba\/stavba-dilny\/\">Stavba d\u00edlny<\/a>\n<ul class=\"sub-menu\">\n\t<li id=\"menu-item-7133\" class=\"menu-item menu-item-type-post_type menu-item-object-page menu-item-7133\"><a href=\"http:\/\/zdendynaska.synology.me\/wordpress\/french_cleat\/\">French cleat<\/a><\/li>\n<\/ul>\n<\/li>\n<li id=\"menu-item-242\" class=\"menu-item menu-item-type-post_type menu-item-object-page menu-item-has-children menu-item-242\"><a href=\"http:\/\/zdendynaska.synology.me\/wordpress\/uzene-maso\/\">Uzen\u00ed<\/a>\n<ul class=\"sub-menu\">\n\t<li id=\"menu-item-1486\" class=\"menu-item menu-item-type-post_type menu-item-object-page menu-item-1486\"><a href=\"http:\/\/zdendynaska.synology.me\/wordpress\/uzene-maso\/uzene-maso-2\/uzeny-bucek\/\">Uzen\u00fd b\u016f\u010dek<\/a><\/li>\n\t<li id=\"menu-item-1451\" class=\"menu-item menu-item-type-post_type menu-item-object-page menu-item-1451\"><a href=\"http:\/\/zdendynaska.synology.me\/wordpress\/uzene-maso\/uzene-maso-2\/vyroba-uzeneho-syru\/\">UZEN\u00dd S\u00ddR<\/a><\/li>\n\t<li id=\"menu-item-1487\" class=\"menu-item menu-item-type-post_type menu-item-object-page menu-item-1487\"><a href=\"http:\/\/zdendynaska.synology.me\/wordpress\/moje-vyroba\/stavba-udirny\/\">Ud\u00edrna<\/a><\/li>\n<\/ul>\n<\/li>\n<li id=\"menu-item-269\" class=\"menu-item menu-item-type-post_type menu-item-object-page menu-item-has-children menu-item-269\"><a href=\"http:\/\/zdendynaska.synology.me\/wordpress\/moje-vyroba\/\">Moje v\u00fdroba<\/a>\n<ul class=\"sub-menu\">\n\t<li id=\"menu-item-1271\" class=\"menu-item menu-item-type-post_type menu-item-object-page menu-item-1271\"><a href=\"http:\/\/zdendynaska.synology.me\/wordpress\/moje-vyroba\/vyroba-teraria\/\">Ter\u00e1rium<\/a><\/li>\n\t<li id=\"menu-item-1432\" class=\"menu-item menu-item-type-post_type menu-item-object-page menu-item-1432\"><a href=\"http:\/\/zdendynaska.synology.me\/wordpress\/moje-vyroba\/klouzacka\/\">Klouza\u010dka<\/a><\/li>\n\t<li id=\"menu-item-1431\" class=\"menu-item menu-item-type-post_type menu-item-object-page menu-item-1431\"><a href=\"http:\/\/zdendynaska.synology.me\/wordpress\/moje-vyroba\/detsky-domecek\/\">Dome\u010dek<\/a><\/li>\n\t<li id=\"menu-item-5322\" class=\"menu-item menu-item-type-post_type menu-item-object-page menu-item-5322\"><a href=\"http:\/\/zdendynaska.synology.me\/wordpress\/moje-vyroba\/hmyzi-hotel\/\">Hmyz\u00ed hotel<\/a><\/li>\n\t<li id=\"menu-item-1427\" class=\"menu-item menu-item-type-post_type menu-item-object-page menu-item-1427\"><a href=\"http:\/\/zdendynaska.synology.me\/wordpress\/moje-vyroba\/stavba-houpacky\/\">Houpa\u010dka<\/a><\/li>\n\t<li id=\"menu-item-1425\" class=\"menu-item menu-item-type-post_type menu-item-object-page menu-item-1425\"><a href=\"http:\/\/zdendynaska.synology.me\/wordpress\/moje-vyroba\/osvetleni-akvaria\/\">Osv\u011btlen\u00ed AQ<\/a><\/li>\n\t<li id=\"menu-item-1426\" class=\"menu-item menu-item-type-post_type menu-item-object-page menu-item-1426\"><a href=\"http:\/\/zdendynaska.synology.me\/wordpress\/moje-vyroba\/detska-kuchynka\/\">Kuchy\u0148ka<\/a><\/li>\n\t<li id=\"menu-item-1436\" class=\"menu-item menu-item-type-post_type menu-item-object-page menu-item-1436\"><a href=\"http:\/\/zdendynaska.synology.me\/wordpress\/moje-vyroba\/vyroba-biltongboxu\/\">BiltongBOX<\/a><\/li>\n\t<li id=\"menu-item-1424\" class=\"menu-item menu-item-type-post_type menu-item-object-page menu-item-1424\"><a href=\"http:\/\/zdendynaska.synology.me\/wordpress\/moje-vyroba\/stavba-udirny\/\">Ud\u00edrna<\/a><\/li>\n\t<li id=\"menu-item-3306\" class=\"menu-item menu-item-type-post_type menu-item-object-page menu-item-3306\"><a href=\"http:\/\/zdendynaska.synology.me\/wordpress\/moje-vyroba\/vyroba-balkonoveho-nabytku\/\">Balkonov\u00fd n\u00e1bytek<\/a><\/li>\n\t<li id=\"menu-item-5104\" class=\"menu-item menu-item-type-post_type menu-item-object-page menu-item-5104\"><a href=\"http:\/\/zdendynaska.synology.me\/wordpress\/moje-vyroba\/stavba_letni_pergoly\/\">Pergola<\/a><\/li>\n<\/ul>\n<\/li>\n<li id=\"menu-item-271\" class=\"menu-item menu-item-type-post_type menu-item-object-page menu-item-has-children menu-item-271\"><a href=\"http:\/\/zdendynaska.synology.me\/wordpress\/susene-masicko\/\">Su\u0161en\u00e9 mas\u00ed\u010dko<\/a>\n<ul class=\"sub-menu\">\n\t<li id=\"menu-item-5939\" class=\"menu-item menu-item-type-post_type menu-item-object-page menu-item-5939\"><a href=\"http:\/\/zdendynaska.synology.me\/wordpress\/masove-tycinky\/\">Masov\u00e9 ty\u010dinky<\/a><\/li>\n\t<li id=\"menu-item-697\" class=\"menu-item menu-item-type-post_type menu-item-object-page menu-item-697\"><a href=\"http:\/\/zdendynaska.synology.me\/wordpress\/susene-masicko\/biltong\/\">Biltong<\/a><\/li>\n\t<li id=\"menu-item-752\" class=\"menu-item menu-item-type-post_type menu-item-object-page menu-item-752\"><a href=\"http:\/\/zdendynaska.synology.me\/wordpress\/susene-masicko\/jerky\/\">Jerky<\/a><\/li>\n\t<li id=\"menu-item-1114\" class=\"menu-item menu-item-type-post_type menu-item-object-page menu-item-1114\"><a href=\"http:\/\/zdendynaska.synology.me\/wordpress\/moje-vyroba\/vyroba-biltongboxu\/\">V\u00fdroba BOXU<\/a><\/li>\n<\/ul>\n<\/li>\n<li id=\"menu-item-1632\" class=\"menu-item menu-item-type-post_type menu-item-object-page menu-item-1632\"><a href=\"http:\/\/zdendynaska.synology.me\/wordpress\/navody\/\">N\u00e1vody<\/a><\/li>\n<\/ul><\/div>\t\t\t\t<\/div>\n\t\t\t\t<\/div>\n\t\t\t\t\t<\/div>\n\t\t<\/div>\n\t\t\t\t<div class=\"elementor-column elementor-col-33 elementor-top-column elementor-element elementor-element-2dbbe82\" data-id=\"2dbbe82\" data-element_type=\"column\" data-e-type=\"column\">\n\t\t\t<div class=\"elementor-widget-wrap\">\n\t\t\t\t\t\t\t<\/div>\n\t\t<\/div>\n\t\t\t\t\t<\/div>\n\t\t<\/section>\n\t\t\t\t<section class=\"elementor-section elementor-top-section elementor-element elementor-element-9ad511b elementor-section-boxed elementor-section-height-default elementor-section-height-default\" data-id=\"9ad511b\" data-element_type=\"section\" data-e-type=\"section\">\n\t\t\t\t\t\t<div class=\"elementor-container elementor-column-gap-default\">\n\t\t\t\t\t<div class=\"elementor-column elementor-col-100 elementor-top-column elementor-element elementor-element-512a84a\" data-id=\"512a84a\" data-element_type=\"column\" data-e-type=\"column\">\n\t\t\t<div class=\"elementor-widget-wrap\">\n\t\t\t\t\t\t\t<\/div>\n\t\t<\/div>\n\t\t\t\t\t<\/div>\n\t\t<\/section>\n\t\t\t\t<section class=\"elementor-section elementor-top-section elementor-element elementor-element-3024123 elementor-section-boxed elementor-section-height-default elementor-section-height-default\" data-id=\"3024123\" data-element_type=\"section\" data-e-type=\"section\">\n\t\t\t\t\t\t<div class=\"elementor-container elementor-column-gap-default\">\n\t\t\t\t\t<div class=\"elementor-column elementor-col-33 elementor-top-column elementor-element elementor-element-ebbdb2a\" data-id=\"ebbdb2a\" data-element_type=\"column\" data-e-type=\"column\">\n\t\t\t<div class=\"elementor-widget-wrap\">\n\t\t\t\t\t\t\t<\/div>\n\t\t<\/div>\n\t\t\t\t<div class=\"elementor-column elementor-col-33 elementor-top-column elementor-element elementor-element-c1682bd\" data-id=\"c1682bd\" data-element_type=\"column\" data-e-type=\"column\">\n\t\t\t<div class=\"elementor-widget-wrap elementor-element-populated\">\n\t\t\t\t\t\t<div class=\"elementor-element elementor-element-1a7d0103 elementor-widget elementor-widget-html\" data-id=\"1a7d0103\" data-element_type=\"widget\" data-e-type=\"widget\" data-widget_type=\"html.default\">\n\t\t\t\t<div class=\"elementor-widget-container\">\n\t\t\t\t\t<!-- ---- ABZ rychle pocitadlo ---- -->\r\n<a href=\"http:\/\/pocitadlo.abz.cz\/\" title=\"po\u010d\u00edtadlo p\u0159\u00edstup\u016f: pocitadlo.abz.cz\"><img decoding=\"async\" src=\"http:\/\/pocitadlo.abz.cz\/aip.php?tp=sq\" alt=\"po\u010d\u00edtadlo.abz.cz\" border=\"0\" \/><\/a>\r\n<!-- ---- http:\/\/pocitadlo.abz.cz\/ ---- -->\t\t\t\t<\/div>\n\t\t\t\t<\/div>\n\t\t\t\t\t<\/div>\n\t\t<\/div>\n\t\t\t\t<div class=\"elementor-column elementor-col-33 elementor-top-column elementor-element elementor-element-61421d8\" data-id=\"61421d8\" data-element_type=\"column\" data-e-type=\"column\">\n\t\t\t<div class=\"elementor-widget-wrap\">\n\t\t\t\t\t\t\t<\/div>\n\t\t<\/div>\n\t\t\t\t\t<\/div>\n\t\t<\/section>\n\t\t\t\t<\/div>\n\t\t","protected":false},"excerpt":{"rendered":"<p>N\u00c1VODY PRO ZOBRAZEN\u00cd STA\u010c\u00cd JEN KLIKNOUT NA PO\u017dADOVAN\u00dd OBR\u00c1ZEK STA\u017dEN\u00cd V\u0160ECH AKTIVIT Z GARMIN CONNECT N\u00e1vod na sta\u017een\u00ed v\u0161ech aktivit najednou z garmin connect. ZP\u011aT\/NAHORU Facebook-f<\/p>\n","protected":false},"author":1,"featured_media":0,"parent":0,"menu_order":0,"comment_status":"closed","ping_status":"closed","template":"","meta":{"om_disable_all_campaigns":false,"_monsterinsights_skip_tracking":false,"_monsterinsights_sitenote_active":false,"_monsterinsights_sitenote_note":"","_monsterinsights_sitenote_category":0,"footnotes":""},"class_list":["post-1607","page","type-page","status-publish","hentry"],"aioseo_notices":[],"_links":{"self":[{"href":"http:\/\/zdendynaska.synology.me\/wordpress\/wp-json\/wp\/v2\/pages\/1607","targetHints":{"allow":["GET"]}}],"collection":[{"href":"http:\/\/zdendynaska.synology.me\/wordpress\/wp-json\/wp\/v2\/pages"}],"about":[{"href":"http:\/\/zdendynaska.synology.me\/wordpress\/wp-json\/wp\/v2\/types\/page"}],"author":[{"embeddable":true,"href":"http:\/\/zdendynaska.synology.me\/wordpress\/wp-json\/wp\/v2\/users\/1"}],"replies":[{"embeddable":true,"href":"http:\/\/zdendynaska.synology.me\/wordpress\/wp-json\/wp\/v2\/comments?post=1607"}],"version-history":[{"count":25,"href":"http:\/\/zdendynaska.synology.me\/wordpress\/wp-json\/wp\/v2\/pages\/1607\/revisions"}],"predecessor-version":[{"id":1673,"href":"http:\/\/zdendynaska.synology.me\/wordpress\/wp-json\/wp\/v2\/pages\/1607\/revisions\/1673"}],"wp:attachment":[{"href":"http:\/\/zdendynaska.synology.me\/wordpress\/wp-json\/wp\/v2\/media?parent=1607"}],"curies":[{"name":"wp","href":"https:\/\/api.w.org\/{rel}","templated":true}]}}