{"id":1403,"date":"2023-02-01T11:58:08","date_gmt":"2023-02-01T10:58:08","guid":{"rendered":"http:\/\/zdendynaska.synology.me\/wordpress\/?page_id=1403"},"modified":"2023-02-18T15:27:51","modified_gmt":"2023-02-18T14:27:51","slug":"osvetleni-akvaria","status":"publish","type":"page","link":"http:\/\/zdendynaska.synology.me\/wordpress\/moje-vyroba\/osvetleni-akvaria\/","title":{"rendered":"Osv\u011btlen\u00ed akv\u00e1ria"},"content":{"rendered":"\t\t<div data-elementor-type=\"wp-page\" data-elementor-id=\"1403\" class=\"elementor elementor-1403\">\n\t\t\t\t\t\t<section class=\"elementor-section elementor-top-section elementor-element elementor-element-778c49a8 elementor-section-height-min-height elementor-section-full_width elementor-section-items-stretch elementor-section-height-default\" data-id=\"778c49a8\" data-element_type=\"section\" data-e-type=\"section\">\n\t\t\t\t\t\t<div class=\"elementor-container elementor-column-gap-default\">\n\t\t\t\t\t<div class=\"elementor-column elementor-col-100 elementor-top-column elementor-element elementor-element-2b1bc5db\" data-id=\"2b1bc5db\" data-element_type=\"column\" data-e-type=\"column\">\n\t\t\t<div class=\"elementor-widget-wrap elementor-element-populated\">\n\t\t\t\t\t\t<div class=\"elementor-element elementor-element-616054d elementor-invisible elementor-widget elementor-widget-heading\" data-id=\"616054d\" data-element_type=\"widget\" data-e-type=\"widget\" data-settings=\"{&quot;_animation&quot;:&quot;fadeInUp&quot;}\" data-widget_type=\"heading.default\">\n\t\t\t\t<div class=\"elementor-widget-container\">\n\t\t\t\t\t<div class=\"elementor-heading-title elementor-size-default\"><span style=\"font-size: 78px;letter-spacing: normal;text-align: center;text-transform: none\">V\u00ddROBA OSV\u011aTL\u011aN\u00cd AKV\u00c1RIA<\/span><\/div>\t\t\t\t<\/div>\n\t\t\t\t<\/div>\n\t\t\t\t<div class=\"elementor-element elementor-element-2dab9f38 e-transform elementor-invisible elementor-widget elementor-widget-image\" data-id=\"2dab9f38\" data-element_type=\"widget\" data-e-type=\"widget\" data-settings=\"{&quot;_animation&quot;:&quot;fadeInDown&quot;,&quot;_transform_rotateZ_effect&quot;:{&quot;unit&quot;:&quot;px&quot;,&quot;size&quot;:0,&quot;sizes&quot;:[]},&quot;_transform_rotate_3d&quot;:&quot;yes&quot;,&quot;_transform_rotateX_effect&quot;:{&quot;unit&quot;:&quot;px&quot;,&quot;size&quot;:0,&quot;sizes&quot;:[]},&quot;_transform_rotateZ_effect_tablet&quot;:{&quot;unit&quot;:&quot;deg&quot;,&quot;size&quot;:&quot;&quot;,&quot;sizes&quot;:[]},&quot;_transform_rotateZ_effect_mobile&quot;:{&quot;unit&quot;:&quot;deg&quot;,&quot;size&quot;:&quot;&quot;,&quot;sizes&quot;:[]},&quot;_transform_rotateX_effect_tablet&quot;:{&quot;unit&quot;:&quot;deg&quot;,&quot;size&quot;:&quot;&quot;,&quot;sizes&quot;:[]},&quot;_transform_rotateX_effect_mobile&quot;:{&quot;unit&quot;:&quot;deg&quot;,&quot;size&quot;:&quot;&quot;,&quot;sizes&quot;:[]},&quot;_transform_rotateY_effect&quot;:{&quot;unit&quot;:&quot;px&quot;,&quot;size&quot;:&quot;&quot;,&quot;sizes&quot;:[]},&quot;_transform_rotateY_effect_tablet&quot;:{&quot;unit&quot;:&quot;deg&quot;,&quot;size&quot;:&quot;&quot;,&quot;sizes&quot;:[]},&quot;_transform_rotateY_effect_mobile&quot;:{&quot;unit&quot;:&quot;deg&quot;,&quot;size&quot;:&quot;&quot;,&quot;sizes&quot;:[]},&quot;_transform_perspective_effect&quot;:{&quot;unit&quot;:&quot;px&quot;,&quot;size&quot;:&quot;&quot;,&quot;sizes&quot;:[]},&quot;_transform_perspective_effect_tablet&quot;:{&quot;unit&quot;:&quot;px&quot;,&quot;size&quot;:&quot;&quot;,&quot;sizes&quot;:[]},&quot;_transform_perspective_effect_mobile&quot;:{&quot;unit&quot;:&quot;px&quot;,&quot;size&quot;:&quot;&quot;,&quot;sizes&quot;:[]}}\" data-widget_type=\"image.default\">\n\t\t\t\t<div class=\"elementor-widget-container\">\n\t\t\t\t\t\t\t\t\t\t\t\t\t\t\t<img fetchpriority=\"high\" decoding=\"async\" width=\"768\" height=\"576\" src=\"http:\/\/zdendynaska.synology.me\/wordpress\/wp-content\/uploads\/2023\/01\/107489889_3048092675257383_4845596492952238194_n_3048092668590717-768x576.jpg\" class=\"attachment-medium_large size-medium_large wp-image-414\" alt=\"\" srcset=\"http:\/\/zdendynaska.synology.me\/wordpress\/wp-content\/uploads\/2023\/01\/107489889_3048092675257383_4845596492952238194_n_3048092668590717-768x576.jpg 768w, http:\/\/zdendynaska.synology.me\/wordpress\/wp-content\/uploads\/2023\/01\/107489889_3048092675257383_4845596492952238194_n_3048092668590717-300x225.jpg 300w, http:\/\/zdendynaska.synology.me\/wordpress\/wp-content\/uploads\/2023\/01\/107489889_3048092675257383_4845596492952238194_n_3048092668590717-1024x768.jpg 1024w, http:\/\/zdendynaska.synology.me\/wordpress\/wp-content\/uploads\/2023\/01\/107489889_3048092675257383_4845596492952238194_n_3048092668590717-1536x1152.jpg 1536w, http:\/\/zdendynaska.synology.me\/wordpress\/wp-content\/uploads\/2023\/01\/107489889_3048092675257383_4845596492952238194_n_3048092668590717.jpg 1920w\" sizes=\"(max-width: 768px) 100vw, 768px\" \/>\t\t\t\t\t\t\t\t\t\t\t\t\t\t\t<\/div>\n\t\t\t\t<\/div>\n\t\t\t\t<div class=\"elementor-element elementor-element-45a39e9d animated-slow elementor-invisible elementor-widget elementor-widget-heading\" data-id=\"45a39e9d\" data-element_type=\"widget\" data-e-type=\"widget\" data-settings=\"{&quot;_animation&quot;:&quot;bounce&quot;,&quot;_animation_delay&quot;:1400}\" data-widget_type=\"heading.default\">\n\t\t\t\t<div class=\"elementor-widget-container\">\n\t\t\t\t\t<h2 class=\"elementor-heading-title elementor-size-default\">FOTKY N\u00cd\u017dE<\/h2>\t\t\t\t<\/div>\n\t\t\t\t<\/div>\n\t\t\t\t<div class=\"elementor-element elementor-element-775f69e6 elementor-position-block-start animated-slow elementor-view-default elementor-mobile-position-block-start elementor-invisible elementor-widget elementor-widget-icon-box\" data-id=\"775f69e6\" data-element_type=\"widget\" data-e-type=\"widget\" data-settings=\"{&quot;_animation&quot;:&quot;rubberBand&quot;,&quot;_animation_delay&quot;:2100}\" data-widget_type=\"icon-box.default\">\n\t\t\t\t<div class=\"elementor-widget-container\">\n\t\t\t\t\t\t\t<div class=\"elementor-icon-box-wrapper\">\n\n\t\t\t\t\t\t<div class=\"elementor-icon-box-icon\">\n\t\t\t\t<span  class=\"elementor-icon\">\n\t\t\t\t<i aria-hidden=\"true\" class=\"fas fa-hand-point-down\"><\/i>\t\t\t\t<\/span>\n\t\t\t<\/div>\n\t\t\t\n\t\t\t\n\t\t<\/div>\n\t\t\t\t\t\t<\/div>\n\t\t\t\t<\/div>\n\t\t\t\t<div class=\"elementor-element elementor-element-6984ea8 elementor-widget elementor-widget-image-gallery\" data-id=\"6984ea8\" data-element_type=\"widget\" data-e-type=\"widget\" data-widget_type=\"image-gallery.default\">\n\t\t\t\t<div class=\"elementor-widget-container\">\n\t\t\t\t\t\t\t<div class=\"elementor-image-gallery\">\n\t\t\t<div id='gallery-1' class='gallery galleryid-1403 gallery-columns-3 gallery-size-medium_large'><figure class='gallery-item'>\n\t\t\t<div class='gallery-icon portrait'>\n\t\t\t\t<a data-elementor-open-lightbox=\"yes\" data-elementor-lightbox-slideshow=\"6984ea8\" data-elementor-lightbox-title=\"107431230_3048092631924054_216209140324329606_n_3048092628590721\" data-e-action-hash=\"#elementor-action%3Aaction%3Dlightbox%26settings%3DeyJpZCI6NDA5LCJ1cmwiOiJodHRwOlwvXC96ZGVuZHluYXNrYS5zeW5vbG9neS5tZVwvd29yZHByZXNzXC93cC1jb250ZW50XC91cGxvYWRzXC8yMDIzXC8wMVwvMTA3NDMxMjMwXzMwNDgwOTI2MzE5MjQwNTRfMjE2MjA5MTQwMzI0MzI5NjA2X25fMzA0ODA5MjYyODU5MDcyMS5qcGciLCJzbGlkZXNob3ciOiI2OTg0ZWE4In0%3D\" href='http:\/\/zdendynaska.synology.me\/wordpress\/wp-content\/uploads\/2023\/01\/107431230_3048092631924054_216209140324329606_n_3048092628590721.jpg'><img decoding=\"async\" width=\"768\" height=\"1024\" src=\"http:\/\/zdendynaska.synology.me\/wordpress\/wp-content\/uploads\/2023\/01\/107431230_3048092631924054_216209140324329606_n_3048092628590721-768x1024.jpg\" class=\"attachment-medium_large size-medium_large\" alt=\"\" srcset=\"http:\/\/zdendynaska.synology.me\/wordpress\/wp-content\/uploads\/2023\/01\/107431230_3048092631924054_216209140324329606_n_3048092628590721-768x1024.jpg 768w, http:\/\/zdendynaska.synology.me\/wordpress\/wp-content\/uploads\/2023\/01\/107431230_3048092631924054_216209140324329606_n_3048092628590721-225x300.jpg 225w, http:\/\/zdendynaska.synology.me\/wordpress\/wp-content\/uploads\/2023\/01\/107431230_3048092631924054_216209140324329606_n_3048092628590721-1152x1536.jpg 1152w, http:\/\/zdendynaska.synology.me\/wordpress\/wp-content\/uploads\/2023\/01\/107431230_3048092631924054_216209140324329606_n_3048092628590721.jpg 1536w\" sizes=\"(max-width: 768px) 100vw, 768px\" \/><\/a>\n\t\t\t<\/div><\/figure><figure class='gallery-item'>\n\t\t\t<div class='gallery-icon portrait'>\n\t\t\t\t<a data-elementor-open-lightbox=\"yes\" data-elementor-lightbox-slideshow=\"6984ea8\" data-elementor-lightbox-title=\"IMG_20170614_125810\" data-e-action-hash=\"#elementor-action%3Aaction%3Dlightbox%26settings%3DeyJpZCI6MTU4MywidXJsIjoiaHR0cDpcL1wvemRlbmR5bmFza2Euc3lub2xvZ3kubWVcL3dvcmRwcmVzc1wvd3AtY29udGVudFwvdXBsb2Fkc1wvMjAyM1wvMDJcL0lNR18yMDE3MDYxNF8xMjU4MTAtc2NhbGVkLmpwZyIsInNsaWRlc2hvdyI6IjY5ODRlYTgifQ%3D%3D\" href='http:\/\/zdendynaska.synology.me\/wordpress\/wp-content\/uploads\/2023\/02\/IMG_20170614_125810-scaled.jpg'><img decoding=\"async\" width=\"768\" height=\"1399\" src=\"http:\/\/zdendynaska.synology.me\/wordpress\/wp-content\/uploads\/2023\/02\/IMG_20170614_125810-768x1399.jpg\" class=\"attachment-medium_large size-medium_large\" alt=\"\" srcset=\"http:\/\/zdendynaska.synology.me\/wordpress\/wp-content\/uploads\/2023\/02\/IMG_20170614_125810-768x1399.jpg 768w, http:\/\/zdendynaska.synology.me\/wordpress\/wp-content\/uploads\/2023\/02\/IMG_20170614_125810-165x300.jpg 165w, http:\/\/zdendynaska.synology.me\/wordpress\/wp-content\/uploads\/2023\/02\/IMG_20170614_125810-562x1024.jpg 562w, http:\/\/zdendynaska.synology.me\/wordpress\/wp-content\/uploads\/2023\/02\/IMG_20170614_125810-843x1536.jpg 843w, http:\/\/zdendynaska.synology.me\/wordpress\/wp-content\/uploads\/2023\/02\/IMG_20170614_125810-1124x2048.jpg 1124w, http:\/\/zdendynaska.synology.me\/wordpress\/wp-content\/uploads\/2023\/02\/IMG_20170614_125810-scaled.jpg 1405w\" sizes=\"(max-width: 768px) 100vw, 768px\" \/><\/a>\n\t\t\t<\/div><\/figure><figure class='gallery-item'>\n\t\t\t<div class='gallery-icon portrait'>\n\t\t\t\t<a data-elementor-open-lightbox=\"yes\" data-elementor-lightbox-slideshow=\"6984ea8\" data-elementor-lightbox-title=\"IMG_20170614_125838\" data-e-action-hash=\"#elementor-action%3Aaction%3Dlightbox%26settings%3DeyJpZCI6MTU4MiwidXJsIjoiaHR0cDpcL1wvemRlbmR5bmFza2Euc3lub2xvZ3kubWVcL3dvcmRwcmVzc1wvd3AtY29udGVudFwvdXBsb2Fkc1wvMjAyM1wvMDJcL0lNR18yMDE3MDYxNF8xMjU4Mzgtc2NhbGVkLmpwZyIsInNsaWRlc2hvdyI6IjY5ODRlYTgifQ%3D%3D\" href='http:\/\/zdendynaska.synology.me\/wordpress\/wp-content\/uploads\/2023\/02\/IMG_20170614_125838-scaled.jpg'><img loading=\"lazy\" decoding=\"async\" width=\"768\" height=\"1024\" src=\"http:\/\/zdendynaska.synology.me\/wordpress\/wp-content\/uploads\/2023\/02\/IMG_20170614_125838-768x1024.jpg\" class=\"attachment-medium_large size-medium_large\" alt=\"\" srcset=\"http:\/\/zdendynaska.synology.me\/wordpress\/wp-content\/uploads\/2023\/02\/IMG_20170614_125838-768x1024.jpg 768w, http:\/\/zdendynaska.synology.me\/wordpress\/wp-content\/uploads\/2023\/02\/IMG_20170614_125838-225x300.jpg 225w, http:\/\/zdendynaska.synology.me\/wordpress\/wp-content\/uploads\/2023\/02\/IMG_20170614_125838-1152x1536.jpg 1152w, http:\/\/zdendynaska.synology.me\/wordpress\/wp-content\/uploads\/2023\/02\/IMG_20170614_125838-1536x2048.jpg 1536w, http:\/\/zdendynaska.synology.me\/wordpress\/wp-content\/uploads\/2023\/02\/IMG_20170614_125838-scaled.jpg 1920w\" sizes=\"(max-width: 768px) 100vw, 768px\" \/><\/a>\n\t\t\t<\/div><\/figure><figure class='gallery-item'>\n\t\t\t<div class='gallery-icon landscape'>\n\t\t\t\t<a data-elementor-open-lightbox=\"yes\" data-elementor-lightbox-slideshow=\"6984ea8\" data-elementor-lightbox-title=\"IMG_20170614_130036\" data-e-action-hash=\"#elementor-action%3Aaction%3Dlightbox%26settings%3DeyJpZCI6MTU4MSwidXJsIjoiaHR0cDpcL1wvemRlbmR5bmFza2Euc3lub2xvZ3kubWVcL3dvcmRwcmVzc1wvd3AtY29udGVudFwvdXBsb2Fkc1wvMjAyM1wvMDJcL0lNR18yMDE3MDYxNF8xMzAwMzYtc2NhbGVkLmpwZyIsInNsaWRlc2hvdyI6IjY5ODRlYTgifQ%3D%3D\" href='http:\/\/zdendynaska.synology.me\/wordpress\/wp-content\/uploads\/2023\/02\/IMG_20170614_130036-scaled.jpg'><img loading=\"lazy\" decoding=\"async\" width=\"768\" height=\"576\" src=\"http:\/\/zdendynaska.synology.me\/wordpress\/wp-content\/uploads\/2023\/02\/IMG_20170614_130036-768x576.jpg\" class=\"attachment-medium_large size-medium_large\" alt=\"\" srcset=\"http:\/\/zdendynaska.synology.me\/wordpress\/wp-content\/uploads\/2023\/02\/IMG_20170614_130036-768x576.jpg 768w, http:\/\/zdendynaska.synology.me\/wordpress\/wp-content\/uploads\/2023\/02\/IMG_20170614_130036-300x225.jpg 300w, http:\/\/zdendynaska.synology.me\/wordpress\/wp-content\/uploads\/2023\/02\/IMG_20170614_130036-1024x768.jpg 1024w, http:\/\/zdendynaska.synology.me\/wordpress\/wp-content\/uploads\/2023\/02\/IMG_20170614_130036-1536x1152.jpg 1536w, http:\/\/zdendynaska.synology.me\/wordpress\/wp-content\/uploads\/2023\/02\/IMG_20170614_130036-2048x1536.jpg 2048w, http:\/\/zdendynaska.synology.me\/wordpress\/wp-content\/uploads\/2023\/02\/IMG_20170614_130036-scaled.jpg 1920w\" sizes=\"(max-width: 768px) 100vw, 768px\" \/><\/a>\n\t\t\t<\/div><\/figure><figure class='gallery-item'>\n\t\t\t<div class='gallery-icon landscape'>\n\t\t\t\t<a data-elementor-open-lightbox=\"yes\" data-elementor-lightbox-slideshow=\"6984ea8\" data-elementor-lightbox-title=\"IMG_20170614_130057\" data-e-action-hash=\"#elementor-action%3Aaction%3Dlightbox%26settings%3DeyJpZCI6MTU4MCwidXJsIjoiaHR0cDpcL1wvemRlbmR5bmFza2Euc3lub2xvZ3kubWVcL3dvcmRwcmVzc1wvd3AtY29udGVudFwvdXBsb2Fkc1wvMjAyM1wvMDJcL0lNR18yMDE3MDYxNF8xMzAwNTctc2NhbGVkLmpwZyIsInNsaWRlc2hvdyI6IjY5ODRlYTgifQ%3D%3D\" href='http:\/\/zdendynaska.synology.me\/wordpress\/wp-content\/uploads\/2023\/02\/IMG_20170614_130057-scaled.jpg'><img loading=\"lazy\" decoding=\"async\" width=\"768\" height=\"576\" src=\"http:\/\/zdendynaska.synology.me\/wordpress\/wp-content\/uploads\/2023\/02\/IMG_20170614_130057-768x576.jpg\" class=\"attachment-medium_large size-medium_large\" alt=\"\" srcset=\"http:\/\/zdendynaska.synology.me\/wordpress\/wp-content\/uploads\/2023\/02\/IMG_20170614_130057-768x576.jpg 768w, http:\/\/zdendynaska.synology.me\/wordpress\/wp-content\/uploads\/2023\/02\/IMG_20170614_130057-300x225.jpg 300w, http:\/\/zdendynaska.synology.me\/wordpress\/wp-content\/uploads\/2023\/02\/IMG_20170614_130057-1024x768.jpg 1024w, http:\/\/zdendynaska.synology.me\/wordpress\/wp-content\/uploads\/2023\/02\/IMG_20170614_130057-1536x1152.jpg 1536w, http:\/\/zdendynaska.synology.me\/wordpress\/wp-content\/uploads\/2023\/02\/IMG_20170614_130057-2048x1536.jpg 2048w, http:\/\/zdendynaska.synology.me\/wordpress\/wp-content\/uploads\/2023\/02\/IMG_20170614_130057-scaled.jpg 1920w\" sizes=\"(max-width: 768px) 100vw, 768px\" \/><\/a>\n\t\t\t<\/div><\/figure>\n\t\t<\/div>\n\t\t<\/div>\n\t\t\t\t\t\t<\/div>\n\t\t\t\t<\/div>\n\t\t\t\t\t<\/div>\n\t\t<\/div>\n\t\t\t\t\t<\/div>\n\t\t<\/section>\n\t\t\t\t<section class=\"elementor-section elementor-top-section elementor-element elementor-element-2f024eff elementor-section-height-min-height elementor-section-full_width elementor-section-height-default elementor-section-items-middle\" data-id=\"2f024eff\" data-element_type=\"section\" data-e-type=\"section\">\n\t\t\t\t\t\t<div class=\"elementor-container elementor-column-gap-default\">\n\t\t\t\t\t<div class=\"elementor-column elementor-col-100 elementor-top-column elementor-element elementor-element-5df75310\" data-id=\"5df75310\" data-element_type=\"column\" data-e-type=\"column\">\n\t\t\t<div class=\"elementor-widget-wrap elementor-element-populated\">\n\t\t\t\t\t\t<div class=\"elementor-element elementor-element-62408cb elementor-view-default elementor-widget elementor-widget-icon\" data-id=\"62408cb\" data-element_type=\"widget\" data-e-type=\"widget\" data-widget_type=\"icon.default\">\n\t\t\t\t<div class=\"elementor-widget-container\">\n\t\t\t\t\t\t\t<div class=\"elementor-icon-wrapper\">\n\t\t\t<a class=\"elementor-icon\" href=\"http:\/\/zdendynaska.synology.me\/wordpress\/moje-vyroba\/\">\n\t\t\t<i aria-hidden=\"true\" class=\"fas fa-undo\"><\/i>\t\t\t<\/a>\n\t\t<\/div>\n\t\t\t\t\t\t<\/div>\n\t\t\t\t<\/div>\n\t\t\t\t<div class=\"elementor-element elementor-element-45f3cdc1 elementor-widget elementor-widget-heading\" data-id=\"45f3cdc1\" data-element_type=\"widget\" data-e-type=\"widget\" data-widget_type=\"heading.default\">\n\t\t\t\t<div class=\"elementor-widget-container\">\n\t\t\t\t\t<h2 class=\"elementor-heading-title elementor-size-default\"><a href=\"http:\/\/zdendynaska.synology.me\/wordpress\/moje-vyroba\/\">ZP\u011aT\/NAHORU<\/a><\/h2>\t\t\t\t<\/div>\n\t\t\t\t<\/div>\n\t\t\t\t<div class=\"elementor-element elementor-element-1d06989f elementor-widget elementor-widget-spacer\" data-id=\"1d06989f\" data-element_type=\"widget\" data-e-type=\"widget\" data-widget_type=\"spacer.default\">\n\t\t\t\t<div class=\"elementor-widget-container\">\n\t\t\t\t\t\t\t<div class=\"elementor-spacer\">\n\t\t\t<div class=\"elementor-spacer-inner\"><\/div>\n\t\t<\/div>\n\t\t\t\t\t\t<\/div>\n\t\t\t\t<\/div>\n\t\t\t\t<div class=\"elementor-element elementor-element-7a6b69f6 elementor-shape-circle elementor-grid-1 e-grid-align-center elementor-widget elementor-widget-social-icons\" data-id=\"7a6b69f6\" data-element_type=\"widget\" data-e-type=\"widget\" data-widget_type=\"social-icons.default\">\n\t\t\t\t<div class=\"elementor-widget-container\">\n\t\t\t\t\t\t\t<div class=\"elementor-social-icons-wrapper elementor-grid\">\n\t\t\t\t\t\t\t<span class=\"elementor-grid-item\">\n\t\t\t\t\t<a class=\"elementor-icon elementor-social-icon elementor-social-icon-facebook-f elementor-animation-float elementor-repeater-item-c91261a\" href=\"https:\/\/www.facebook.com\/terzdek.kolarovi\" target=\"_blank\">\n\t\t\t\t\t\t<span class=\"elementor-screen-only\">Facebook-f<\/span>\n\t\t\t\t\t\t<i aria-hidden=\"true\" class=\"fab fa-facebook-f\"><\/i>\t\t\t\t\t<\/a>\n\t\t\t\t<\/span>\n\t\t\t\t\t<\/div>\n\t\t\t\t\t\t<\/div>\n\t\t\t\t<\/div>\n\t\t\t\t\t<\/div>\n\t\t<\/div>\n\t\t\t\t\t<\/div>\n\t\t<\/section>\n\t\t\t\t<section class=\"elementor-section elementor-top-section elementor-element elementor-element-6c003989 elementor-section-boxed elementor-section-height-default elementor-section-height-default\" data-id=\"6c003989\" data-element_type=\"section\" data-e-type=\"section\">\n\t\t\t\t\t\t<div class=\"elementor-container elementor-column-gap-default\">\n\t\t\t\t\t<div class=\"elementor-column elementor-col-100 elementor-top-column elementor-element elementor-element-52306187\" data-id=\"52306187\" data-element_type=\"column\" data-e-type=\"column\">\n\t\t\t<div class=\"elementor-widget-wrap elementor-element-populated\">\n\t\t\t\t\t\t<div class=\"elementor-element elementor-element-54095d0d elementor-widget elementor-widget-wp-widget-pages\" data-id=\"54095d0d\" data-element_type=\"widget\" data-e-type=\"widget\" data-widget_type=\"wp-widget-pages.default\">\n\t\t\t\t<div class=\"elementor-widget-container\">\n\t\t\t\t\t<h5>Str\u00e1nky<\/h5>\n\t\t\t<ul>\n\t\t\t\t<li class=\"page_item page-item-1904 page_item_has_children\"><a href=\"http:\/\/zdendynaska.synology.me\/wordpress\/foto\/\">Foto<\/a>\n<ul class='children'>\n\t<li class=\"page_item page-item-1152\"><a href=\"http:\/\/zdendynaska.synology.me\/wordpress\/foto\/architektura-a-tvary\/\">Architektura a tvary<\/a><\/li>\n\t<li class=\"page_item page-item-1169\"><a href=\"http:\/\/zdendynaska.synology.me\/wordpress\/foto\/dron\/\">Dron<\/a><\/li>\n\t<li class=\"page_item page-item-149\"><a href=\"http:\/\/zdendynaska.synology.me\/wordpress\/foto\/jaro\/\">Jaro<\/a><\/li>\n\t<li class=\"page_item page-item-153\"><a href=\"http:\/\/zdendynaska.synology.me\/wordpress\/foto\/leto\/\">L\u00e9to<\/a><\/li>\n\t<li class=\"page_item page-item-145\"><a href=\"http:\/\/zdendynaska.synology.me\/wordpress\/foto\/podzim\/\">Podzim<\/a><\/li>\n\t<li class=\"page_item page-item-1142\"><a href=\"http:\/\/zdendynaska.synology.me\/wordpress\/foto\/portrety\/\">Portr\u00e9ty<\/a><\/li>\n\t<li class=\"page_item page-item-177\"><a href=\"http:\/\/zdendynaska.synology.me\/wordpress\/foto\/vodopady\/\">Vodop\u00e1dy<\/a><\/li>\n\t<li class=\"page_item page-item-1846\"><a href=\"http:\/\/zdendynaska.synology.me\/wordpress\/foto\/zapad-slunce\/\">Z\u00e1pad slunce<\/a><\/li>\n\t<li class=\"page_item page-item-147\"><a href=\"http:\/\/zdendynaska.synology.me\/wordpress\/foto\/zima\/\">Zima<\/a><\/li>\n\t<li class=\"page_item page-item-1147\"><a href=\"http:\/\/zdendynaska.synology.me\/wordpress\/foto\/zvirata\/\">Zv\u00ed\u0159ata<\/a><\/li>\n<\/ul>\n<\/li>\n<li class=\"page_item page-item-7104\"><a href=\"http:\/\/zdendynaska.synology.me\/wordpress\/french_cleat\/\">French cleat<\/a><\/li>\n<li class=\"page_item page-item-1637\"><a href=\"http:\/\/zdendynaska.synology.me\/wordpress\/\">Hlavn\u00ed strana<\/a><\/li>\n<li class=\"page_item page-item-5934\"><a href=\"http:\/\/zdendynaska.synology.me\/wordpress\/masove-tycinky\/\">Masov\u00e9 ty\u010dinky<\/a><\/li>\n<li class=\"page_item page-item-264 page_item_has_children\"><a href=\"http:\/\/zdendynaska.synology.me\/wordpress\/moje-vyroba\/\">Moje v\u00fdroba<\/a>\n<ul class='children'>\n\t<li class=\"page_item page-item-3288\"><a href=\"http:\/\/zdendynaska.synology.me\/wordpress\/moje-vyroba\/vyroba-balkonoveho-nabytku\/\">Balkonov\u00fd n\u00e1bytek<\/a><\/li>\n\t<li class=\"page_item page-item-1388\"><a href=\"http:\/\/zdendynaska.synology.me\/wordpress\/moje-vyroba\/detska-kuchynka\/\">D\u011btsk\u00e1 kuchy\u0148ka<\/a><\/li>\n\t<li class=\"page_item page-item-5280\"><a href=\"http:\/\/zdendynaska.synology.me\/wordpress\/moje-vyroba\/hmyzi-hotel\/\">Hmyz\u00ed hotel<\/a><\/li>\n\t<li class=\"page_item page-item-5096\"><a href=\"http:\/\/zdendynaska.synology.me\/wordpress\/moje-vyroba\/stavba_letni_pergoly\/\">Pergola<\/a><\/li>\n\t<li class=\"page_item page-item-5840\"><a href=\"http:\/\/zdendynaska.synology.me\/wordpress\/moje-vyroba\/stavba-dilny\/\">Stavba d\u00edlny<\/a><\/li>\n\t<li class=\"page_item page-item-1369\"><a href=\"http:\/\/zdendynaska.synology.me\/wordpress\/moje-vyroba\/stavba-houpacky\/\">Stavba houpa\u010dky<\/a><\/li>\n\t<li class=\"page_item page-item-1412\"><a href=\"http:\/\/zdendynaska.synology.me\/wordpress\/moje-vyroba\/stavba-udirny\/\">Stavba ud\u00edrny<\/a><\/li>\n\t<li class=\"page_item page-item-813\"><a href=\"http:\/\/zdendynaska.synology.me\/wordpress\/moje-vyroba\/vyroba-biltongboxu\/\">V\u00fdroba BiltongBOXU<\/a><\/li>\n\t<li class=\"page_item page-item-1260\"><a href=\"http:\/\/zdendynaska.synology.me\/wordpress\/moje-vyroba\/vyroba-teraria\/\">V\u00fdroba ter\u00e1ria<\/a><\/li>\n\t<li class=\"page_item page-item-1358\"><a href=\"http:\/\/zdendynaska.synology.me\/wordpress\/moje-vyroba\/detsky-domecek\/\">D\u011btsk\u00fd dome\u010dek<\/a><\/li>\n\t<li class=\"page_item page-item-1350\"><a href=\"http:\/\/zdendynaska.synology.me\/wordpress\/moje-vyroba\/klouzacka\/\">Klouza\u010dka<\/a><\/li>\n\t<li class=\"page_item page-item-1403\"><a href=\"http:\/\/zdendynaska.synology.me\/wordpress\/moje-vyroba\/osvetleni-akvaria\/\">Osv\u011btlen\u00ed akv\u00e1ria<\/a><\/li>\n<\/ul>\n<\/li>\n<li class=\"page_item page-item-1607\"><a href=\"http:\/\/zdendynaska.synology.me\/wordpress\/navody\/\">N\u00e1vody<\/a><\/li>\n<li class=\"page_item page-item-260 page_item_has_children\"><a href=\"http:\/\/zdendynaska.synology.me\/wordpress\/susene-masicko\/\">Su\u0161en\u00e9 mas\u00ed\u010dko<\/a>\n<ul class='children'>\n\t<li class=\"page_item page-item-695\"><a href=\"http:\/\/zdendynaska.synology.me\/wordpress\/susene-masicko\/biltong\/\">Biltong<\/a><\/li>\n\t<li class=\"page_item page-item-740\"><a href=\"http:\/\/zdendynaska.synology.me\/wordpress\/susene-masicko\/jerky\/\">Jerky<\/a><\/li>\n<\/ul>\n<\/li>\n<li class=\"page_item page-item-515\"><a href=\"http:\/\/zdendynaska.synology.me\/wordpress\/tipy-triky\/\">Tipy, triky<\/a><\/li>\n<li class=\"page_item page-item-236 page_item_has_children\"><a href=\"http:\/\/zdendynaska.synology.me\/wordpress\/uzene-maso\/\">Uzen\u00ed<\/a>\n<ul class='children'>\n\t<li class=\"page_item page-item-1456 page_item_has_children\"><a href=\"http:\/\/zdendynaska.synology.me\/wordpress\/uzene-maso\/uzene-maso-2\/\">V\u00fdroba uzen\u00e9ho s\u00fdru<\/a>\n\t<ul class='children'>\n\t\t<li class=\"page_item page-item-1452\"><a href=\"http:\/\/zdendynaska.synology.me\/wordpress\/uzene-maso\/uzene-maso-2\/uzeny-bucek\/\">Uzen\u00fd B\u016f\u010dek<\/a><\/li>\n\t\t<li class=\"page_item page-item-1437\"><a href=\"http:\/\/zdendynaska.synology.me\/wordpress\/uzene-maso\/uzene-maso-2\/vyroba-uzeneho-syru\/\">V\u00fdroba uzen\u00e9ho s\u00fdru<\/a><\/li>\n\t<\/ul>\n<\/li>\n<\/ul>\n<\/li>\n<li class=\"page_item page-item-254\"><a href=\"http:\/\/zdendynaska.synology.me\/wordpress\/vareni\/\">Va\u0159en\u00ed<\/a><\/li>\n<li class=\"page_item page-item-5\"><a href=\"http:\/\/zdendynaska.synology.me\/wordpress\/create-your-website-with-blocks\/\">Zden\u011bk Kol\u00e1\u0159 &#8211; fotograf, nad\u0161enec<\/a><\/li>\n\t\t\t<\/ul>\n\n\t\t\t\t\t\t\t<\/div>\n\t\t\t\t<\/div>\n\t\t\t\t\t<\/div>\n\t\t<\/div>\n\t\t\t\t\t<\/div>\n\t\t<\/section>\n\t\t\t\t<\/div>\n\t\t","protected":false},"excerpt":{"rendered":"<p>V\u00ddROBA OSV\u011aTL\u011aN\u00cd AKV\u00c1RIA FOTKY N\u00cd\u017dE ZP\u011aT\/NAHORU Facebook-f<\/p>\n","protected":false},"author":1,"featured_media":0,"parent":264,"menu_order":4,"comment_status":"closed","ping_status":"closed","template":"","meta":{"om_disable_all_campaigns":false,"_monsterinsights_skip_tracking":false,"_monsterinsights_sitenote_active":false,"_monsterinsights_sitenote_note":"","_monsterinsights_sitenote_category":0,"footnotes":""},"class_list":["post-1403","page","type-page","status-publish","hentry"],"aioseo_notices":[],"_links":{"self":[{"href":"http:\/\/zdendynaska.synology.me\/wordpress\/wp-json\/wp\/v2\/pages\/1403","targetHints":{"allow":["GET"]}}],"collection":[{"href":"http:\/\/zdendynaska.synology.me\/wordpress\/wp-json\/wp\/v2\/pages"}],"about":[{"href":"http:\/\/zdendynaska.synology.me\/wordpress\/wp-json\/wp\/v2\/types\/page"}],"author":[{"embeddable":true,"href":"http:\/\/zdendynaska.synology.me\/wordpress\/wp-json\/wp\/v2\/users\/1"}],"replies":[{"embeddable":true,"href":"http:\/\/zdendynaska.synology.me\/wordpress\/wp-json\/wp\/v2\/comments?post=1403"}],"version-history":[{"count":17,"href":"http:\/\/zdendynaska.synology.me\/wordpress\/wp-json\/wp\/v2\/pages\/1403\/revisions"}],"predecessor-version":[{"id":2860,"href":"http:\/\/zdendynaska.synology.me\/wordpress\/wp-json\/wp\/v2\/pages\/1403\/revisions\/2860"}],"up":[{"embeddable":true,"href":"http:\/\/zdendynaska.synology.me\/wordpress\/wp-json\/wp\/v2\/pages\/264"}],"wp:attachment":[{"href":"http:\/\/zdendynaska.synology.me\/wordpress\/wp-json\/wp\/v2\/media?parent=1403"}],"curies":[{"name":"wp","href":"https:\/\/api.w.org\/{rel}","templated":true}]}}