{"id":1388,"date":"2023-02-01T11:44:01","date_gmt":"2023-02-01T10:44:01","guid":{"rendered":"http:\/\/zdendynaska.synology.me\/wordpress\/?page_id=1388"},"modified":"2023-02-18T15:28:58","modified_gmt":"2023-02-18T14:28:58","slug":"detska-kuchynka","status":"publish","type":"page","link":"http:\/\/zdendynaska.synology.me\/wordpress\/moje-vyroba\/detska-kuchynka\/","title":{"rendered":"D\u011btsk\u00e1 kuchy\u0148ka"},"content":{"rendered":"\t\t<div data-elementor-type=\"wp-page\" data-elementor-id=\"1388\" class=\"elementor elementor-1388\">\n\t\t\t\t\t\t<section class=\"elementor-section elementor-top-section elementor-element elementor-element-4d5acda elementor-section-height-min-height elementor-section-full_width elementor-section-items-stretch elementor-section-height-default\" data-id=\"4d5acda\" data-element_type=\"section\" data-e-type=\"section\">\n\t\t\t\t\t\t<div class=\"elementor-container elementor-column-gap-default\">\n\t\t\t\t\t<div class=\"elementor-column elementor-col-100 elementor-top-column elementor-element elementor-element-5d9f220d\" data-id=\"5d9f220d\" data-element_type=\"column\" data-e-type=\"column\">\n\t\t\t<div class=\"elementor-widget-wrap elementor-element-populated\">\n\t\t\t\t\t\t<div class=\"elementor-element elementor-element-6bf14eb9 elementor-invisible elementor-widget elementor-widget-heading\" data-id=\"6bf14eb9\" data-element_type=\"widget\" data-e-type=\"widget\" data-settings=\"{&quot;_animation&quot;:&quot;fadeInUp&quot;}\" data-widget_type=\"heading.default\">\n\t\t\t\t<div class=\"elementor-widget-container\">\n\t\t\t\t\t<div class=\"elementor-heading-title elementor-size-default\"><span style=\"text-align: center\"><span style=\"font-size: 78px;letter-spacing: normal;text-transform: none\">V\u00ddROBA D\u011aTSK\u00c9 KUCHY\u0147KY<\/span><\/span><\/div>\t\t\t\t<\/div>\n\t\t\t\t<\/div>\n\t\t\t\t<div class=\"elementor-element elementor-element-5578b41 e-transform elementor-invisible elementor-widget elementor-widget-image\" data-id=\"5578b41\" data-element_type=\"widget\" data-e-type=\"widget\" data-settings=\"{&quot;_animation&quot;:&quot;fadeInDown&quot;,&quot;_transform_rotateZ_effect&quot;:{&quot;unit&quot;:&quot;px&quot;,&quot;size&quot;:0,&quot;sizes&quot;:[]},&quot;_transform_rotate_3d&quot;:&quot;yes&quot;,&quot;_transform_rotateX_effect&quot;:{&quot;unit&quot;:&quot;px&quot;,&quot;size&quot;:0,&quot;sizes&quot;:[]},&quot;_transform_rotateZ_effect_tablet&quot;:{&quot;unit&quot;:&quot;deg&quot;,&quot;size&quot;:&quot;&quot;,&quot;sizes&quot;:[]},&quot;_transform_rotateZ_effect_mobile&quot;:{&quot;unit&quot;:&quot;deg&quot;,&quot;size&quot;:&quot;&quot;,&quot;sizes&quot;:[]},&quot;_transform_rotateX_effect_tablet&quot;:{&quot;unit&quot;:&quot;deg&quot;,&quot;size&quot;:&quot;&quot;,&quot;sizes&quot;:[]},&quot;_transform_rotateX_effect_mobile&quot;:{&quot;unit&quot;:&quot;deg&quot;,&quot;size&quot;:&quot;&quot;,&quot;sizes&quot;:[]},&quot;_transform_rotateY_effect&quot;:{&quot;unit&quot;:&quot;px&quot;,&quot;size&quot;:&quot;&quot;,&quot;sizes&quot;:[]},&quot;_transform_rotateY_effect_tablet&quot;:{&quot;unit&quot;:&quot;deg&quot;,&quot;size&quot;:&quot;&quot;,&quot;sizes&quot;:[]},&quot;_transform_rotateY_effect_mobile&quot;:{&quot;unit&quot;:&quot;deg&quot;,&quot;size&quot;:&quot;&quot;,&quot;sizes&quot;:[]},&quot;_transform_perspective_effect&quot;:{&quot;unit&quot;:&quot;px&quot;,&quot;size&quot;:&quot;&quot;,&quot;sizes&quot;:[]},&quot;_transform_perspective_effect_tablet&quot;:{&quot;unit&quot;:&quot;px&quot;,&quot;size&quot;:&quot;&quot;,&quot;sizes&quot;:[]},&quot;_transform_perspective_effect_mobile&quot;:{&quot;unit&quot;:&quot;px&quot;,&quot;size&quot;:&quot;&quot;,&quot;sizes&quot;:[]}}\" data-widget_type=\"image.default\">\n\t\t\t\t<div class=\"elementor-widget-container\">\n\t\t\t\t\t\t\t\t\t\t\t\t\t\t\t<img fetchpriority=\"high\" decoding=\"async\" width=\"768\" height=\"515\" src=\"http:\/\/zdendynaska.synology.me\/wordpress\/wp-content\/uploads\/2023\/01\/299583767_5322801921119769_5098743937699160837_n_5322801611119800-e1674748195969-768x515.jpg\" class=\"attachment-medium_large size-medium_large wp-image-509\" alt=\"\" srcset=\"http:\/\/zdendynaska.synology.me\/wordpress\/wp-content\/uploads\/2023\/01\/299583767_5322801921119769_5098743937699160837_n_5322801611119800-e1674748195969-768x515.jpg 768w, http:\/\/zdendynaska.synology.me\/wordpress\/wp-content\/uploads\/2023\/01\/elementor\/thumbs\/299583767_5322801921119769_5098743937699160837_n_5322801611119800-e1674748195969-q18jbrfseg2p0zpnzlj5mq9jrm9djiw3f1udff7gls.jpg 300w, http:\/\/zdendynaska.synology.me\/wordpress\/wp-content\/uploads\/2023\/01\/299583767_5322801921119769_5098743937699160837_n_5322801611119800-e1674748195969-1024x687.jpg 1024w, http:\/\/zdendynaska.synology.me\/wordpress\/wp-content\/uploads\/2023\/01\/299583767_5322801921119769_5098743937699160837_n_5322801611119800-e1674748195969-1536x1031.jpg 1536w, http:\/\/zdendynaska.synology.me\/wordpress\/wp-content\/uploads\/2023\/01\/299583767_5322801921119769_5098743937699160837_n_5322801611119800-e1674748195969.jpg 1571w\" sizes=\"(max-width: 768px) 100vw, 768px\" \/>\t\t\t\t\t\t\t\t\t\t\t\t\t\t\t<\/div>\n\t\t\t\t<\/div>\n\t\t\t\t<div class=\"elementor-element elementor-element-6fdf2206 animated-slow elementor-invisible elementor-widget elementor-widget-heading\" data-id=\"6fdf2206\" data-element_type=\"widget\" data-e-type=\"widget\" data-settings=\"{&quot;_animation&quot;:&quot;bounce&quot;,&quot;_animation_delay&quot;:1400}\" data-widget_type=\"heading.default\">\n\t\t\t\t<div class=\"elementor-widget-container\">\n\t\t\t\t\t<h2 class=\"elementor-heading-title elementor-size-default\">FOTO N\u00cd\u017dE<\/h2>\t\t\t\t<\/div>\n\t\t\t\t<\/div>\n\t\t\t\t<div class=\"elementor-element elementor-element-37ee06fc elementor-position-block-start animated-slow elementor-view-default elementor-mobile-position-block-start elementor-invisible elementor-widget elementor-widget-icon-box\" data-id=\"37ee06fc\" data-element_type=\"widget\" data-e-type=\"widget\" data-settings=\"{&quot;_animation&quot;:&quot;rubberBand&quot;,&quot;_animation_delay&quot;:2100}\" data-widget_type=\"icon-box.default\">\n\t\t\t\t<div class=\"elementor-widget-container\">\n\t\t\t\t\t\t\t<div class=\"elementor-icon-box-wrapper\">\n\n\t\t\t\t\t\t<div class=\"elementor-icon-box-icon\">\n\t\t\t\t<span  class=\"elementor-icon\">\n\t\t\t\t<i aria-hidden=\"true\" class=\"fas fa-hand-point-down\"><\/i>\t\t\t\t<\/span>\n\t\t\t<\/div>\n\t\t\t\n\t\t\t\n\t\t<\/div>\n\t\t\t\t\t\t<\/div>\n\t\t\t\t<\/div>\n\t\t\t\t<div class=\"elementor-element elementor-element-fbe9e72 elementor-widget elementor-widget-image-gallery\" data-id=\"fbe9e72\" data-element_type=\"widget\" data-e-type=\"widget\" data-widget_type=\"image-gallery.default\">\n\t\t\t\t<div class=\"elementor-widget-container\">\n\t\t\t\t\t\t\t<div class=\"elementor-image-gallery\">\n\t\t\t<div id='gallery-14' class='gallery galleryid-1388 gallery-columns-1 gallery-size-large'><figure class='gallery-item'>\n\t\t\t<div class='gallery-icon portrait'>\n\t\t\t\t<a data-elementor-open-lightbox=\"yes\" data-elementor-lightbox-slideshow=\"fbe9e72\" data-elementor-lightbox-title=\"299787251_5322802077786420_6283289753496263795_n_5322801674453127\" data-e-action-hash=\"#elementor-action%3Aaction%3Dlightbox%26settings%3DeyJpZCI6NTEyLCJ1cmwiOiJodHRwOlwvXC96ZGVuZHluYXNrYS5zeW5vbG9neS5tZVwvd29yZHByZXNzXC93cC1jb250ZW50XC91cGxvYWRzXC8yMDIzXC8wMVwvMjk5Nzg3MjUxXzUzMjI4MDIwNzc3ODY0MjBfNjI4MzI4OTc1MzQ5NjI2Mzc5NV9uXzUzMjI4MDE2NzQ0NTMxMjcuanBnIiwic2xpZGVzaG93IjoiZmJlOWU3MiJ9\" href='http:\/\/zdendynaska.synology.me\/wordpress\/wp-content\/uploads\/2023\/01\/299787251_5322802077786420_6283289753496263795_n_5322801674453127.jpg'><img decoding=\"async\" width=\"577\" height=\"1024\" src=\"http:\/\/zdendynaska.synology.me\/wordpress\/wp-content\/uploads\/2023\/01\/299787251_5322802077786420_6283289753496263795_n_5322801674453127-577x1024.jpg\" class=\"attachment-large size-large\" alt=\"\" srcset=\"http:\/\/zdendynaska.synology.me\/wordpress\/wp-content\/uploads\/2023\/01\/299787251_5322802077786420_6283289753496263795_n_5322801674453127-577x1024.jpg 577w, http:\/\/zdendynaska.synology.me\/wordpress\/wp-content\/uploads\/2023\/01\/299787251_5322802077786420_6283289753496263795_n_5322801674453127-169x300.jpg 169w, http:\/\/zdendynaska.synology.me\/wordpress\/wp-content\/uploads\/2023\/01\/299787251_5322802077786420_6283289753496263795_n_5322801674453127-768x1364.jpg 768w, http:\/\/zdendynaska.synology.me\/wordpress\/wp-content\/uploads\/2023\/01\/299787251_5322802077786420_6283289753496263795_n_5322801674453127-865x1536.jpg 865w, http:\/\/zdendynaska.synology.me\/wordpress\/wp-content\/uploads\/2023\/01\/299787251_5322802077786420_6283289753496263795_n_5322801674453127.jpg 1153w\" sizes=\"(max-width: 577px) 100vw, 577px\" \/><\/a>\n\t\t\t<\/div><\/figure><figure class='gallery-item'>\n\t\t\t<div class='gallery-icon landscape'>\n\t\t\t\t<a data-elementor-open-lightbox=\"yes\" data-elementor-lightbox-slideshow=\"fbe9e72\" data-elementor-lightbox-title=\"299583767_5322801921119769_5098743937699160837_n_5322801611119800\" data-e-action-hash=\"#elementor-action%3Aaction%3Dlightbox%26settings%3DeyJpZCI6NTA5LCJ1cmwiOiJodHRwOlwvXC96ZGVuZHluYXNrYS5zeW5vbG9neS5tZVwvd29yZHByZXNzXC93cC1jb250ZW50XC91cGxvYWRzXC8yMDIzXC8wMVwvMjk5NTgzNzY3XzUzMjI4MDE5MjExMTk3NjlfNTA5ODc0MzkzNzY5OTE2MDgzN19uXzUzMjI4MDE2MTExMTk4MDAtZTE2NzQ3NDgxOTU5NjkuanBnIiwic2xpZGVzaG93IjoiZmJlOWU3MiJ9\" href='http:\/\/zdendynaska.synology.me\/wordpress\/wp-content\/uploads\/2023\/01\/299583767_5322801921119769_5098743937699160837_n_5322801611119800-e1674748195969.jpg'><img decoding=\"async\" width=\"960\" height=\"644\" src=\"http:\/\/zdendynaska.synology.me\/wordpress\/wp-content\/uploads\/2023\/01\/299583767_5322801921119769_5098743937699160837_n_5322801611119800-e1674748195969-1024x687.jpg\" class=\"attachment-large size-large\" alt=\"\" srcset=\"http:\/\/zdendynaska.synology.me\/wordpress\/wp-content\/uploads\/2023\/01\/299583767_5322801921119769_5098743937699160837_n_5322801611119800-e1674748195969-1024x687.jpg 1024w, http:\/\/zdendynaska.synology.me\/wordpress\/wp-content\/uploads\/2023\/01\/elementor\/thumbs\/299583767_5322801921119769_5098743937699160837_n_5322801611119800-e1674748195969-q18jbrfseg2p0zpnzlj5mq9jrm9djiw3f1udff7gls.jpg 300w, http:\/\/zdendynaska.synology.me\/wordpress\/wp-content\/uploads\/2023\/01\/299583767_5322801921119769_5098743937699160837_n_5322801611119800-e1674748195969-768x515.jpg 768w, http:\/\/zdendynaska.synology.me\/wordpress\/wp-content\/uploads\/2023\/01\/299583767_5322801921119769_5098743937699160837_n_5322801611119800-e1674748195969-1536x1031.jpg 1536w, http:\/\/zdendynaska.synology.me\/wordpress\/wp-content\/uploads\/2023\/01\/299583767_5322801921119769_5098743937699160837_n_5322801611119800-e1674748195969.jpg 1571w\" sizes=\"(max-width: 960px) 100vw, 960px\" \/><\/a>\n\t\t\t<\/div><\/figure>\n\t\t<\/div>\n\t\t<\/div>\n\t\t\t\t\t\t<\/div>\n\t\t\t\t<\/div>\n\t\t\t\t\t<\/div>\n\t\t<\/div>\n\t\t\t\t\t<\/div>\n\t\t<\/section>\n\t\t\t\t<section class=\"elementor-section elementor-top-section elementor-element elementor-element-64dec625 elementor-section-boxed elementor-section-height-default elementor-section-height-default\" data-id=\"64dec625\" data-element_type=\"section\" data-e-type=\"section\">\n\t\t\t\t\t\t<div class=\"elementor-container elementor-column-gap-default\">\n\t\t\t\t\t<div class=\"elementor-column elementor-col-33 elementor-top-column elementor-element elementor-element-7e2d78d2\" data-id=\"7e2d78d2\" data-element_type=\"column\" data-e-type=\"column\">\n\t\t\t<div class=\"elementor-widget-wrap\">\n\t\t\t\t\t\t\t<\/div>\n\t\t<\/div>\n\t\t\t\t<div class=\"elementor-column elementor-col-33 elementor-top-column elementor-element elementor-element-21cfdef4\" data-id=\"21cfdef4\" data-element_type=\"column\" data-e-type=\"column\">\n\t\t\t<div class=\"elementor-widget-wrap elementor-element-populated\">\n\t\t\t\t\t\t<div class=\"elementor-element elementor-element-5a69e917 elementor-view-default elementor-widget elementor-widget-icon\" data-id=\"5a69e917\" data-element_type=\"widget\" data-e-type=\"widget\" data-widget_type=\"icon.default\">\n\t\t\t\t<div class=\"elementor-widget-container\">\n\t\t\t\t\t\t\t<div class=\"elementor-icon-wrapper\">\n\t\t\t<a class=\"elementor-icon\" href=\"http:\/\/zdendynaska.synology.me\/wordpress\/moje-vyroba\/\">\n\t\t\t<i aria-hidden=\"true\" class=\"fas fa-undo\"><\/i>\t\t\t<\/a>\n\t\t<\/div>\n\t\t\t\t\t\t<\/div>\n\t\t\t\t<\/div>\n\t\t\t\t\t<\/div>\n\t\t<\/div>\n\t\t\t\t<div class=\"elementor-column elementor-col-33 elementor-top-column elementor-element elementor-element-4b719d67\" data-id=\"4b719d67\" data-element_type=\"column\" data-e-type=\"column\">\n\t\t\t<div class=\"elementor-widget-wrap\">\n\t\t\t\t\t\t\t<\/div>\n\t\t<\/div>\n\t\t\t\t\t<\/div>\n\t\t<\/section>\n\t\t\t\t<section class=\"elementor-section elementor-top-section elementor-element elementor-element-53305a70 elementor-section-height-min-height elementor-section-full_width elementor-section-height-default elementor-section-items-middle\" data-id=\"53305a70\" data-element_type=\"section\" data-e-type=\"section\">\n\t\t\t\t\t\t<div class=\"elementor-container elementor-column-gap-default\">\n\t\t\t\t\t<div class=\"elementor-column elementor-col-100 elementor-top-column elementor-element elementor-element-2f730783\" data-id=\"2f730783\" data-element_type=\"column\" data-e-type=\"column\">\n\t\t\t<div class=\"elementor-widget-wrap elementor-element-populated\">\n\t\t\t\t\t\t<div class=\"elementor-element elementor-element-6668eeee elementor-widget elementor-widget-heading\" data-id=\"6668eeee\" data-element_type=\"widget\" data-e-type=\"widget\" data-widget_type=\"heading.default\">\n\t\t\t\t<div class=\"elementor-widget-container\">\n\t\t\t\t\t<h2 class=\"elementor-heading-title elementor-size-default\"><a href=\"http:\/\/zdendynaska.synology.me\/wordpress\/moje-vyroba\/\">ZP\u011aT\/NAHORU<\/a><\/h2>\t\t\t\t<\/div>\n\t\t\t\t<\/div>\n\t\t\t\t<div class=\"elementor-element elementor-element-33dee18f elementor-widget elementor-widget-spacer\" data-id=\"33dee18f\" data-element_type=\"widget\" data-e-type=\"widget\" data-widget_type=\"spacer.default\">\n\t\t\t\t<div class=\"elementor-widget-container\">\n\t\t\t\t\t\t\t<div class=\"elementor-spacer\">\n\t\t\t<div class=\"elementor-spacer-inner\"><\/div>\n\t\t<\/div>\n\t\t\t\t\t\t<\/div>\n\t\t\t\t<\/div>\n\t\t\t\t<div class=\"elementor-element elementor-element-64a14e9b elementor-shape-circle elementor-grid-1 e-grid-align-center elementor-widget elementor-widget-social-icons\" data-id=\"64a14e9b\" data-element_type=\"widget\" data-e-type=\"widget\" data-widget_type=\"social-icons.default\">\n\t\t\t\t<div class=\"elementor-widget-container\">\n\t\t\t\t\t\t\t<div class=\"elementor-social-icons-wrapper elementor-grid\">\n\t\t\t\t\t\t\t<span class=\"elementor-grid-item\">\n\t\t\t\t\t<a class=\"elementor-icon elementor-social-icon elementor-social-icon-facebook-f elementor-animation-float elementor-repeater-item-c91261a\" href=\"https:\/\/www.facebook.com\/terzdek.kolarovi\" target=\"_blank\">\n\t\t\t\t\t\t<span class=\"elementor-screen-only\">Facebook-f<\/span>\n\t\t\t\t\t\t<i aria-hidden=\"true\" class=\"fab fa-facebook-f\"><\/i>\t\t\t\t\t<\/a>\n\t\t\t\t<\/span>\n\t\t\t\t\t<\/div>\n\t\t\t\t\t\t<\/div>\n\t\t\t\t<\/div>\n\t\t\t\t\t<\/div>\n\t\t<\/div>\n\t\t\t\t\t<\/div>\n\t\t<\/section>\n\t\t\t\t<section class=\"elementor-section elementor-top-section elementor-element elementor-element-64b2d159 elementor-section-boxed elementor-section-height-default elementor-section-height-default\" data-id=\"64b2d159\" data-element_type=\"section\" data-e-type=\"section\">\n\t\t\t\t\t\t<div class=\"elementor-container elementor-column-gap-default\">\n\t\t\t\t\t<div class=\"elementor-column elementor-col-100 elementor-top-column elementor-element elementor-element-6e9ea0c3\" data-id=\"6e9ea0c3\" data-element_type=\"column\" data-e-type=\"column\">\n\t\t\t<div class=\"elementor-widget-wrap elementor-element-populated\">\n\t\t\t\t\t\t<div class=\"elementor-element elementor-element-1db58335 elementor-widget elementor-widget-wp-widget-pages\" data-id=\"1db58335\" data-element_type=\"widget\" data-e-type=\"widget\" data-widget_type=\"wp-widget-pages.default\">\n\t\t\t\t<div class=\"elementor-widget-container\">\n\t\t\t\t\t<h5>Str\u00e1nky<\/h5>\n\t\t\t<ul>\n\t\t\t\t<li class=\"page_item page-item-1904 page_item_has_children\"><a href=\"http:\/\/zdendynaska.synology.me\/wordpress\/foto\/\">Foto<\/a>\n<ul class='children'>\n\t<li class=\"page_item page-item-1152\"><a href=\"http:\/\/zdendynaska.synology.me\/wordpress\/foto\/architektura-a-tvary\/\">Architektura a tvary<\/a><\/li>\n\t<li class=\"page_item page-item-1169\"><a href=\"http:\/\/zdendynaska.synology.me\/wordpress\/foto\/dron\/\">Dron<\/a><\/li>\n\t<li class=\"page_item page-item-149\"><a href=\"http:\/\/zdendynaska.synology.me\/wordpress\/foto\/jaro\/\">Jaro<\/a><\/li>\n\t<li class=\"page_item page-item-153\"><a href=\"http:\/\/zdendynaska.synology.me\/wordpress\/foto\/leto\/\">L\u00e9to<\/a><\/li>\n\t<li class=\"page_item page-item-145\"><a href=\"http:\/\/zdendynaska.synology.me\/wordpress\/foto\/podzim\/\">Podzim<\/a><\/li>\n\t<li class=\"page_item page-item-1142\"><a href=\"http:\/\/zdendynaska.synology.me\/wordpress\/foto\/portrety\/\">Portr\u00e9ty<\/a><\/li>\n\t<li class=\"page_item page-item-177\"><a href=\"http:\/\/zdendynaska.synology.me\/wordpress\/foto\/vodopady\/\">Vodop\u00e1dy<\/a><\/li>\n\t<li class=\"page_item page-item-1846\"><a href=\"http:\/\/zdendynaska.synology.me\/wordpress\/foto\/zapad-slunce\/\">Z\u00e1pad slunce<\/a><\/li>\n\t<li class=\"page_item page-item-147\"><a href=\"http:\/\/zdendynaska.synology.me\/wordpress\/foto\/zima\/\">Zima<\/a><\/li>\n\t<li class=\"page_item page-item-1147\"><a href=\"http:\/\/zdendynaska.synology.me\/wordpress\/foto\/zvirata\/\">Zv\u00ed\u0159ata<\/a><\/li>\n<\/ul>\n<\/li>\n<li class=\"page_item page-item-7104\"><a href=\"http:\/\/zdendynaska.synology.me\/wordpress\/french_cleat\/\">French cleat<\/a><\/li>\n<li class=\"page_item page-item-1637\"><a href=\"http:\/\/zdendynaska.synology.me\/wordpress\/\">Hlavn\u00ed strana<\/a><\/li>\n<li class=\"page_item page-item-5934\"><a href=\"http:\/\/zdendynaska.synology.me\/wordpress\/masove-tycinky\/\">Masov\u00e9 ty\u010dinky<\/a><\/li>\n<li class=\"page_item page-item-264 page_item_has_children\"><a href=\"http:\/\/zdendynaska.synology.me\/wordpress\/moje-vyroba\/\">Moje v\u00fdroba<\/a>\n<ul class='children'>\n\t<li class=\"page_item page-item-3288\"><a href=\"http:\/\/zdendynaska.synology.me\/wordpress\/moje-vyroba\/vyroba-balkonoveho-nabytku\/\">Balkonov\u00fd n\u00e1bytek<\/a><\/li>\n\t<li class=\"page_item page-item-1388\"><a href=\"http:\/\/zdendynaska.synology.me\/wordpress\/moje-vyroba\/detska-kuchynka\/\">D\u011btsk\u00e1 kuchy\u0148ka<\/a><\/li>\n\t<li class=\"page_item page-item-5280\"><a href=\"http:\/\/zdendynaska.synology.me\/wordpress\/moje-vyroba\/hmyzi-hotel\/\">Hmyz\u00ed hotel<\/a><\/li>\n\t<li class=\"page_item page-item-5096\"><a href=\"http:\/\/zdendynaska.synology.me\/wordpress\/moje-vyroba\/stavba_letni_pergoly\/\">Pergola<\/a><\/li>\n\t<li class=\"page_item page-item-5840\"><a href=\"http:\/\/zdendynaska.synology.me\/wordpress\/moje-vyroba\/stavba-dilny\/\">Stavba d\u00edlny<\/a><\/li>\n\t<li class=\"page_item page-item-1369\"><a href=\"http:\/\/zdendynaska.synology.me\/wordpress\/moje-vyroba\/stavba-houpacky\/\">Stavba houpa\u010dky<\/a><\/li>\n\t<li class=\"page_item page-item-1412\"><a href=\"http:\/\/zdendynaska.synology.me\/wordpress\/moje-vyroba\/stavba-udirny\/\">Stavba ud\u00edrny<\/a><\/li>\n\t<li class=\"page_item page-item-813\"><a href=\"http:\/\/zdendynaska.synology.me\/wordpress\/moje-vyroba\/vyroba-biltongboxu\/\">V\u00fdroba BiltongBOXU<\/a><\/li>\n\t<li class=\"page_item page-item-1260\"><a href=\"http:\/\/zdendynaska.synology.me\/wordpress\/moje-vyroba\/vyroba-teraria\/\">V\u00fdroba ter\u00e1ria<\/a><\/li>\n\t<li class=\"page_item page-item-1358\"><a href=\"http:\/\/zdendynaska.synology.me\/wordpress\/moje-vyroba\/detsky-domecek\/\">D\u011btsk\u00fd dome\u010dek<\/a><\/li>\n\t<li class=\"page_item page-item-1350\"><a href=\"http:\/\/zdendynaska.synology.me\/wordpress\/moje-vyroba\/klouzacka\/\">Klouza\u010dka<\/a><\/li>\n\t<li class=\"page_item page-item-1403\"><a href=\"http:\/\/zdendynaska.synology.me\/wordpress\/moje-vyroba\/osvetleni-akvaria\/\">Osv\u011btlen\u00ed akv\u00e1ria<\/a><\/li>\n<\/ul>\n<\/li>\n<li class=\"page_item page-item-1607\"><a href=\"http:\/\/zdendynaska.synology.me\/wordpress\/navody\/\">N\u00e1vody<\/a><\/li>\n<li class=\"page_item page-item-260 page_item_has_children\"><a href=\"http:\/\/zdendynaska.synology.me\/wordpress\/susene-masicko\/\">Su\u0161en\u00e9 mas\u00ed\u010dko<\/a>\n<ul class='children'>\n\t<li class=\"page_item page-item-695\"><a href=\"http:\/\/zdendynaska.synology.me\/wordpress\/susene-masicko\/biltong\/\">Biltong<\/a><\/li>\n\t<li class=\"page_item page-item-740\"><a href=\"http:\/\/zdendynaska.synology.me\/wordpress\/susene-masicko\/jerky\/\">Jerky<\/a><\/li>\n<\/ul>\n<\/li>\n<li class=\"page_item page-item-515\"><a href=\"http:\/\/zdendynaska.synology.me\/wordpress\/tipy-triky\/\">Tipy, triky<\/a><\/li>\n<li class=\"page_item page-item-236 page_item_has_children\"><a href=\"http:\/\/zdendynaska.synology.me\/wordpress\/uzene-maso\/\">Uzen\u00ed<\/a>\n<ul class='children'>\n\t<li class=\"page_item page-item-1456 page_item_has_children\"><a href=\"http:\/\/zdendynaska.synology.me\/wordpress\/uzene-maso\/uzene-maso-2\/\">V\u00fdroba uzen\u00e9ho s\u00fdru<\/a>\n\t<ul class='children'>\n\t\t<li class=\"page_item page-item-1452\"><a href=\"http:\/\/zdendynaska.synology.me\/wordpress\/uzene-maso\/uzene-maso-2\/uzeny-bucek\/\">Uzen\u00fd B\u016f\u010dek<\/a><\/li>\n\t\t<li class=\"page_item page-item-1437\"><a href=\"http:\/\/zdendynaska.synology.me\/wordpress\/uzene-maso\/uzene-maso-2\/vyroba-uzeneho-syru\/\">V\u00fdroba uzen\u00e9ho s\u00fdru<\/a><\/li>\n\t<\/ul>\n<\/li>\n<\/ul>\n<\/li>\n<li class=\"page_item page-item-254\"><a href=\"http:\/\/zdendynaska.synology.me\/wordpress\/vareni\/\">Va\u0159en\u00ed<\/a><\/li>\n<li class=\"page_item page-item-5\"><a href=\"http:\/\/zdendynaska.synology.me\/wordpress\/create-your-website-with-blocks\/\">Zden\u011bk Kol\u00e1\u0159 &#8211; fotograf, nad\u0161enec<\/a><\/li>\n\t\t\t<\/ul>\n\n\t\t\t\t\t\t\t<\/div>\n\t\t\t\t<\/div>\n\t\t\t\t\t<\/div>\n\t\t<\/div>\n\t\t\t\t\t<\/div>\n\t\t<\/section>\n\t\t\t\t<\/div>\n\t\t","protected":false},"excerpt":{"rendered":"<p>V\u00ddROBA D\u011aTSK\u00c9 KUCHY\u0147KY FOTO N\u00cd\u017dE ZP\u011aT\/NAHORU Facebook-f<\/p>\n","protected":false},"author":1,"featured_media":0,"parent":264,"menu_order":0,"comment_status":"closed","ping_status":"closed","template":"","meta":{"om_disable_all_campaigns":false,"_monsterinsights_skip_tracking":false,"_monsterinsights_sitenote_active":false,"_monsterinsights_sitenote_note":"","_monsterinsights_sitenote_category":0,"footnotes":""},"class_list":["post-1388","page","type-page","status-publish","hentry"],"aioseo_notices":[],"_links":{"self":[{"href":"http:\/\/zdendynaska.synology.me\/wordpress\/wp-json\/wp\/v2\/pages\/1388","targetHints":{"allow":["GET"]}}],"collection":[{"href":"http:\/\/zdendynaska.synology.me\/wordpress\/wp-json\/wp\/v2\/pages"}],"about":[{"href":"http:\/\/zdendynaska.synology.me\/wordpress\/wp-json\/wp\/v2\/types\/page"}],"author":[{"embeddable":true,"href":"http:\/\/zdendynaska.synology.me\/wordpress\/wp-json\/wp\/v2\/users\/1"}],"replies":[{"embeddable":true,"href":"http:\/\/zdendynaska.synology.me\/wordpress\/wp-json\/wp\/v2\/comments?post=1388"}],"version-history":[{"count":13,"href":"http:\/\/zdendynaska.synology.me\/wordpress\/wp-json\/wp\/v2\/pages\/1388\/revisions"}],"predecessor-version":[{"id":2863,"href":"http:\/\/zdendynaska.synology.me\/wordpress\/wp-json\/wp\/v2\/pages\/1388\/revisions\/2863"}],"up":[{"embeddable":true,"href":"http:\/\/zdendynaska.synology.me\/wordpress\/wp-json\/wp\/v2\/pages\/264"}],"wp:attachment":[{"href":"http:\/\/zdendynaska.synology.me\/wordpress\/wp-json\/wp\/v2\/media?parent=1388"}],"curies":[{"name":"wp","href":"https:\/\/api.w.org\/{rel}","templated":true}]}}